{"id":4441,"date":"2025-01-24T12:26:35","date_gmt":"2025-01-24T11:26:35","guid":{"rendered":"https:\/\/gold-silber-boerse.de\/impressum\/"},"modified":"2025-01-24T12:48:30","modified_gmt":"2025-01-24T11:48:30","slug":"impressum","status":"publish","type":"page","link":"https:\/\/gold-silber-boerse.de\/pl\/impressum\/","title":{"rendered":"Impressum"},"content":{"rendered":"\t\t<div data-elementor-type=\"wp-page\" data-elementor-id=\"4441\" class=\"elementor elementor-4441 elementor-4430\" data-elementor-post-type=\"page\">\n\t\t\t\t\t\t<section class=\"elementor-section elementor-top-section elementor-element elementor-element-6e525b6 elementor-section-boxed elementor-section-height-default elementor-section-height-default\" data-id=\"6e525b6\" data-element_type=\"section\">\n\t\t\t\t\t\t<div class=\"elementor-container elementor-column-gap-default\">\n\t\t\t\t\t<div class=\"elementor-column elementor-col-100 elementor-top-column elementor-element elementor-element-1696ecd\" data-id=\"1696ecd\" data-element_type=\"column\">\n\t\t\t<div class=\"elementor-widget-wrap elementor-element-populated\">\n\t\t\t\t\t\t<div class=\"elementor-element elementor-element-1604cbc elementor-widget elementor-widget-text-editor\" data-id=\"1604cbc\" data-element_type=\"widget\" data-widget_type=\"text-editor.default\">\n\t\t\t\t<div class=\"elementor-widget-container\">\n\t\t\t\t\t\t\t<h1 style=\"font-weight: 400;\"><strong>IMPRESSUM<\/strong><\/h1>\n<p style=\"font-weight: 400;\"><strong>Odpowiedzialno\u015b\u0107 za tre\u015b\u0107 tej witryny internetowej:<\/strong><\/p>\n<p style=\"font-weight: 400;\"><strong>Informacje zgodnie z \u00a7 5 TMG:<\/strong><\/p>\n<p style=\"font-weight: 400;\">Przemys\u0142aw Pluciennik \u2013 Prokurent<\/p>\n<p style=\"font-weight: 400;\">KinGin Sp. z o.o.<\/p>\n<p style=\"font-weight: 400;\">Skarszew 73<\/p>\n<p style=\"font-weight: 400;\">62 \u2013 817 \u017belazk\u00f3w, Polska<\/p>\n<p style=\"font-weight: 400;\">KRS: 0001107339<\/p>\n<p style=\"font-weight: 400;\">NIP: EU9681012309<\/p>\n<p style=\"font-weight: 400;\">REGON: 528713033<\/p>\n<p style=\"font-weight: 400;\"><strong>Urz\u0105d skarbowy w Oranienburgu: 053\/SO13\/WV-40\/24<\/strong><\/p>\n<p>&nbsp;<\/p>\n<p style=\"font-weight: 400;\"><strong>Rachunek bankowy:<\/strong><\/p>\n<p style=\"font-weight: 400;\">EUR: 51 1140 2004 0000 3812 2239 6739<\/p>\n<p style=\"font-weight: 400;\">PLN: 40 1140 2004 0000 3102 8486 3956<\/p>\n<p style=\"font-weight: 400;\"><strong>Kontakt:<\/strong><\/p>\n<p style=\"font-weight: 400;\"><strong>Adres e-mail:\u00a0<\/strong><a href=\"mailto:kontakt@gold-silber-boerse.de\"><strong>kontakt@gold-silber-boerse.de<\/strong><\/a><\/p>\n<p>&nbsp;<\/p>\n<p style=\"font-weight: 400;\"><strong>Rozstrzyganie spor\u00f3w:<\/strong><\/p>\n<p style=\"font-weight: 400;\">Komisja Europejska udost\u0119pnia platform\u0119 do internetowego rozstrzygania spor\u00f3w (ODR):\u00a0<a href=\"https:\/\/ec.europa.eu\/consumers\/odr\">https:\/\/ec.europa.eu\/consumers\/odr<\/a>.<\/p>\n<p style=\"font-weight: 400;\">Nasz adres e-mail znajdziesz powy\u017cej, w stopce redakcyjnej.<\/p>\n<p style=\"font-weight: 400;\">Nie mamy zamiaru ani obowi\u0105zku uczestniczenia w post\u0119powaniu rozstrzygaj\u0105cym spory przed konsumenck\u0105 rad\u0105 arbitra\u017cow\u0105.<\/p>\n<p>&nbsp;<\/p>\n<p style=\"font-weight: 400;\"><strong>Odpowiedzialno\u015b\u0107 za tre\u015b\u0107:<\/strong><\/p>\n<p style=\"font-weight: 400;\">Jako us\u0142ugodawcy jeste\u015bmy odpowiedzialni za w\u0142asne tre\u015bci na tych stronach internetowych zgodnie z \u00a7 7 ust. 1 niemieckiej ustawy o mediach elektronicznych (TMG). Jednak\u017ce zgodnie z \u00a7\u00a7 8 do 10 TMG my jako us\u0142ugodawcy nie jeste\u015bmy zobowi\u0105zani do monitorowania przekazywanych lub przechowywanych informacji os\u00f3b trzecich ani do badania okoliczno\u015bci wskazuj\u0105cych na dzia\u0142ania niezgodne z prawem.<\/p>\n<p style=\"font-weight: 400;\">Obowi\u0105zki dotycz\u0105ce usuwania lub blokowania wykorzystania informacji na mocy przepis\u00f3w prawa powszechnego pozostaj\u0105 nienaruszone. Odpowiedzialno\u015b\u0107 w tym zakresie mo\u017cliwa jest jednak dopiero od chwili powzi\u0119cia wiedzy o konkretnym naruszeniu prawa. Je\u015bli dowiemy si\u0119 o takim naruszeniu prawa, natychmiast usuniemy ow\u0105 tre\u015b\u0107.<\/p>\n<p style=\"font-weight: 400;\"><strong>Odpowiedzialno\u015b\u0107 za linki:<\/strong><\/p>\n<p style=\"font-weight: 400;\">Nasza oferta zawiera linki do zewn\u0119trznych stron internetowych os\u00f3b trzecich, na kt\u00f3rych tre\u015b\u0107 nie mamy wp\u0142ywu. W zwi\u0105zku z tym nie mo\u017cemy przyj\u0105\u0107 na siebie \u017cadnej odpowiedzialno\u015bci za tre\u015bci publikowane przez osoby trzecie. Za tre\u015b\u0107 podlinkowanych stron zawsze odpowiada ich dostawca lub operator. Podlinkowane strony zosta\u0142y sprawdzone pod k\u0105tem ewentualnych narusze\u0144 prawa w momencie ich zamieszczania. W momencie linkowania nie rozpoznano tre\u015bci niezgodnych z prawem.<\/p>\n<p style=\"font-weight: 400;\">Jednak\u017ce sta\u0142e monitorowanie tre\u015bci podlinkowanych stron nie jest uzasadnione bez konkretnych dowod\u00f3w naruszenia prawa. Je\u015bli dowiemy si\u0119 o jakimkolwiek naruszeniu prawa, natychmiast usuniemy takie linki.<\/p>\n<p>&nbsp;<\/p>\n<p style=\"font-weight: 400;\"><strong>Prawo autorskie:<\/strong><\/p>\n<p style=\"font-weight: 400;\">Tre\u015bci i dzie\u0142a zamieszczone na tych stronach, stworzone przez operator\u00f3w witryn, podlegaj\u0105 niemieckiemu i polskiemu prawu autorskiemu. Powielanie, przetwarzanie, rozpowszechnianie i wszelkiego rodzaju wykorzystywanie poza granicami prawa autorskiego wymaga pisemnej zgody autora lub tw\u00f3rcy. Pobieranie i kopiowanie tej witryny jest dozwolone wy\u0142\u0105cznie do prywatnego, niekomercyjnego u\u017cytku.<\/p>\n<p style=\"font-weight: 400;\">W zakresie, w jakim tre\u015bci zawarte na tej stronie nie zosta\u0142y stworzone przez operatora, respektowane s\u0105 prawa autorskie os\u00f3b trzecich. W szczeg\u00f3lno\u015bci tre\u015bci pochodz\u0105ce od os\u00f3b trzecich s\u0105 odpowiednio oznaczone. Je\u015bli jednak dowiesz si\u0119 o naruszeniu praw autorskich, prosimy o powiadomienie nas o tym. Je\u015bli dowiemy si\u0119 o jakimkolwiek naruszeniu prawa, natychmiast usuniemy tak\u0105 tre\u015b\u0107.<\/p>\n<p style=\"font-weight: 400;\">Zdj\u0119cia, kt\u00f3re nasza firma publikuje na stronie internetowej pochodz\u0105 z serwisu Canva:\u00a0<a href=\"http:\/\/www.canva.com\">www.canva.com<\/a><\/p>\n\t\t\t\t\t\t<\/div>\n\t\t\t\t<\/div>\n\t\t\t\t\t<\/div>\n\t\t<\/div>\n\t\t\t\t\t<\/div>\n\t\t<\/section>\n\t\t\t\t<\/div>\n\t\t","protected":false},"excerpt":{"rendered":"<p>IMPRESSUM Odpowiedzialno\u015b\u0107 za tre\u015b\u0107 tej witryny internetowej: Informacje zgodnie z \u00a7 5 TMG: Przemys\u0142aw Pluciennik \u2013 Prokurent KinGin Sp. z o.o. Skarszew 73 62 \u2013 817 \u017belazk\u00f3w, Polska KRS: 0001107339 NIP: EU9681012309 REGON: 528713033 Urz\u0105d skarbowy w Oranienburgu: 053\/SO13\/WV-40\/24 &nbsp; Rachunek bankowy: EUR: 51 1140 2004 0000 3812 2239 6739 PLN: 40 1140 2004 0000<\/p>\n","protected":false},"author":1,"featured_media":0,"parent":0,"menu_order":0,"comment_status":"closed","ping_status":"closed","template":"","meta":{"_rtcl_gb_attr":"","inline_featured_image":false,"footnotes":""},"class_list":["post-4441","page","type-page","status-publish","hentry"],"yoast_head":"<!-- This site is optimized with the Yoast SEO plugin v23.3 - https:\/\/yoast.com\/wordpress\/plugins\/seo\/ -->\n<title>Impressum - Gold Silber Boerse<\/title>\n<meta name=\"robots\" content=\"index, follow, max-snippet:-1, max-image-preview:large, max-video-preview:-1\" \/>\n<link rel=\"canonical\" href=\"https:\/\/gold-silber-boerse.de\/impressum\/\" \/>\n<meta property=\"og:locale\" content=\"pl_PL\" \/>\n<meta property=\"og:type\" content=\"article\" \/>\n<meta property=\"og:title\" content=\"Impressum - Gold Silber Boerse\" \/>\n<meta property=\"og:description\" content=\"IMPRESSUM Odpowiedzialno\u015b\u0107 za tre\u015b\u0107 tej witryny internetowej: Informacje zgodnie z \u00a7 5 TMG: Przemys\u0142aw Pluciennik \u2013 Prokurent KinGin Sp. z o.o. Skarszew 73 62 \u2013 817 \u017belazk\u00f3w, Polska KRS: 0001107339 NIP: EU9681012309 REGON: 528713033 Urz\u0105d skarbowy w Oranienburgu: 053\/SO13\/WV-40\/24 &nbsp; Rachunek bankowy: EUR: 51 1140 2004 0000 3812 2239 6739 PLN: 40 1140 2004 0000\" \/>\n<meta property=\"og:url\" content=\"https:\/\/gold-silber-boerse.de\/impressum\/\" \/>\n<meta property=\"og:site_name\" content=\"Gold Silber Boerse\" \/>\n<meta property=\"article:modified_time\" content=\"2025-01-24T11:48:30+00:00\" \/>\n<meta name=\"twitter:card\" content=\"summary_large_image\" \/>\n<meta name=\"twitter:label1\" content=\"Szacowany czas czytania\" \/>\n\t<meta name=\"twitter:data1\" content=\"2 minuty\" \/>\n<script type=\"application\/ld+json\" class=\"yoast-schema-graph\">{\"@context\":\"https:\/\/schema.org\",\"@graph\":[{\"@type\":\"WebPage\",\"@id\":\"https:\/\/gold-silber-boerse.de\/impressum\/\",\"url\":\"https:\/\/gold-silber-boerse.de\/impressum\/\",\"name\":\"Impressum - Gold Silber Boerse\",\"isPartOf\":{\"@id\":\"https:\/\/gold-silber-boerse.de\/#website\"},\"datePublished\":\"2025-01-24T11:26:35+00:00\",\"dateModified\":\"2025-01-24T11:48:30+00:00\",\"breadcrumb\":{\"@id\":\"https:\/\/gold-silber-boerse.de\/impressum\/#breadcrumb\"},\"inLanguage\":\"pl-PL\",\"potentialAction\":[{\"@type\":\"ReadAction\",\"target\":[\"https:\/\/gold-silber-boerse.de\/impressum\/\"]}]},{\"@type\":\"BreadcrumbList\",\"@id\":\"https:\/\/gold-silber-boerse.de\/impressum\/#breadcrumb\",\"itemListElement\":[{\"@type\":\"ListItem\",\"position\":1,\"name\":\"Strona g\u0142\u00f3wna\",\"item\":\"https:\/\/gold-silber-boerse.de\/\"},{\"@type\":\"ListItem\",\"position\":2,\"name\":\"Impressum\"}]},{\"@type\":\"WebSite\",\"@id\":\"https:\/\/gold-silber-boerse.de\/#website\",\"url\":\"https:\/\/gold-silber-boerse.de\/\",\"name\":\"Gold Silber Boerse\",\"description\":\"Na naszej stronie internetowej mo\u017cesz kupi\u0107 lub sprzeda\u0107 z\u0142oto i srebro w postaci monet lub sztabek.\",\"potentialAction\":[{\"@type\":\"SearchAction\",\"target\":{\"@type\":\"EntryPoint\",\"urlTemplate\":\"https:\/\/gold-silber-boerse.de\/?s={search_term_string}\"},\"query-input\":\"required name=search_term_string\"}],\"inLanguage\":\"pl-PL\"}]}<\/script>\n<!-- \/ Yoast SEO plugin. -->","yoast_head_json":{"title":"Impressum - Gold Silber Boerse","robots":{"index":"index","follow":"follow","max-snippet":"max-snippet:-1","max-image-preview":"max-image-preview:large","max-video-preview":"max-video-preview:-1"},"canonical":"https:\/\/gold-silber-boerse.de\/impressum\/","og_locale":"pl_PL","og_type":"article","og_title":"Impressum - Gold Silber Boerse","og_description":"IMPRESSUM Odpowiedzialno\u015b\u0107 za tre\u015b\u0107 tej witryny internetowej: Informacje zgodnie z \u00a7 5 TMG: Przemys\u0142aw Pluciennik \u2013 Prokurent KinGin Sp. z o.o. Skarszew 73 62 \u2013 817 \u017belazk\u00f3w, Polska KRS: 0001107339 NIP: EU9681012309 REGON: 528713033 Urz\u0105d skarbowy w Oranienburgu: 053\/SO13\/WV-40\/24 &nbsp; Rachunek bankowy: EUR: 51 1140 2004 0000 3812 2239 6739 PLN: 40 1140 2004 0000","og_url":"https:\/\/gold-silber-boerse.de\/impressum\/","og_site_name":"Gold Silber Boerse","article_modified_time":"2025-01-24T11:48:30+00:00","twitter_card":"summary_large_image","twitter_misc":{"Szacowany czas czytania":"2 minuty"},"schema":{"@context":"https:\/\/schema.org","@graph":[{"@type":"WebPage","@id":"https:\/\/gold-silber-boerse.de\/impressum\/","url":"https:\/\/gold-silber-boerse.de\/impressum\/","name":"Impressum - Gold Silber Boerse","isPartOf":{"@id":"https:\/\/gold-silber-boerse.de\/#website"},"datePublished":"2025-01-24T11:26:35+00:00","dateModified":"2025-01-24T11:48:30+00:00","breadcrumb":{"@id":"https:\/\/gold-silber-boerse.de\/impressum\/#breadcrumb"},"inLanguage":"pl-PL","potentialAction":[{"@type":"ReadAction","target":["https:\/\/gold-silber-boerse.de\/impressum\/"]}]},{"@type":"BreadcrumbList","@id":"https:\/\/gold-silber-boerse.de\/impressum\/#breadcrumb","itemListElement":[{"@type":"ListItem","position":1,"name":"Strona g\u0142\u00f3wna","item":"https:\/\/gold-silber-boerse.de\/"},{"@type":"ListItem","position":2,"name":"Impressum"}]},{"@type":"WebSite","@id":"https:\/\/gold-silber-boerse.de\/#website","url":"https:\/\/gold-silber-boerse.de\/","name":"Gold Silber Boerse","description":"Na naszej stronie internetowej mo\u017cesz kupi\u0107 lub sprzeda\u0107 z\u0142oto i srebro w postaci monet lub sztabek.","potentialAction":[{"@type":"SearchAction","target":{"@type":"EntryPoint","urlTemplate":"https:\/\/gold-silber-boerse.de\/?s={search_term_string}"},"query-input":"required name=search_term_string"}],"inLanguage":"pl-PL"}]}},"_links":{"self":[{"href":"https:\/\/gold-silber-boerse.de\/pl\/wp-json\/wp\/v2\/pages\/4441"}],"collection":[{"href":"https:\/\/gold-silber-boerse.de\/pl\/wp-json\/wp\/v2\/pages"}],"about":[{"href":"https:\/\/gold-silber-boerse.de\/pl\/wp-json\/wp\/v2\/types\/page"}],"author":[{"embeddable":true,"href":"https:\/\/gold-silber-boerse.de\/pl\/wp-json\/wp\/v2\/users\/1"}],"replies":[{"embeddable":true,"href":"https:\/\/gold-silber-boerse.de\/pl\/wp-json\/wp\/v2\/comments?post=4441"}],"version-history":[{"count":7,"href":"https:\/\/gold-silber-boerse.de\/pl\/wp-json\/wp\/v2\/pages\/4441\/revisions"}],"predecessor-version":[{"id":4485,"href":"https:\/\/gold-silber-boerse.de\/pl\/wp-json\/wp\/v2\/pages\/4441\/revisions\/4485"}],"wp:attachment":[{"href":"https:\/\/gold-silber-boerse.de\/pl\/wp-json\/wp\/v2\/media?parent=4441"}],"curies":[{"name":"wp","href":"https:\/\/api.w.org\/{rel}","templated":true}]}}