{"id":505,"date":"2024-06-18T14:18:23","date_gmt":"2024-06-18T12:18:23","guid":{"rendered":"https:\/\/10.demooo.pl\/kontakt\/"},"modified":"2024-08-08T08:02:01","modified_gmt":"2024-08-08T06:02:01","slug":"kontakt","status":"publish","type":"page","link":"https:\/\/gold-silber-boerse.de\/pl\/kontakt\/","title":{"rendered":"Kontakt"},"content":{"rendered":"\t\t<div data-elementor-type=\"wp-page\" data-elementor-id=\"505\" class=\"elementor elementor-505 elementor-236\" data-elementor-post-type=\"page\">\n\t\t\t\t\t\t<section class=\"elementor-section elementor-top-section elementor-element elementor-element-eca708d elementor-section-boxed elementor-section-height-default elementor-section-height-default\" data-id=\"eca708d\" data-element_type=\"section\">\n\t\t\t\t\t\t<div class=\"elementor-container elementor-column-gap-default\">\n\t\t\t\t\t<div class=\"elementor-column elementor-col-100 elementor-top-column elementor-element elementor-element-e112b41\" data-id=\"e112b41\" data-element_type=\"column\">\n\t\t\t<div class=\"elementor-widget-wrap elementor-element-populated\">\n\t\t\t\t\t\t<div class=\"elementor-element elementor-element-712de2f elementor-widget elementor-widget-heading\" data-id=\"712de2f\" data-element_type=\"widget\" data-widget_type=\"heading.default\">\n\t\t\t\t<div class=\"elementor-widget-container\">\n\t\t\t<h1 class=\"elementor-heading-title elementor-size-default\">KONTAKT<\/h1>\t\t<\/div>\n\t\t\t\t<\/div>\n\t\t\t\t<div class=\"elementor-element elementor-element-2be3757 elementor-widget elementor-widget-text-editor\" data-id=\"2be3757\" data-element_type=\"widget\" data-widget_type=\"text-editor.default\">\n\t\t\t\t<div class=\"elementor-widget-container\">\n\t\t\t\t\t\t\t<p>e-mail: <a href=\"mailto:kontakt@gold-silber-boerse.de\">kontakt@gold-silber-boerse.de<\/a><\/p>\t\t\t\t\t\t<\/div>\n\t\t\t\t<\/div>\n\t\t\t\t\t<\/div>\n\t\t<\/div>\n\t\t\t\t\t<\/div>\n\t\t<\/section>\n\t\t\t\t<\/div>\n\t\t","protected":false},"excerpt":{"rendered":"<p>KONTAKT e-mail: kontakt@gold-silber-boerse.de<\/p>\n","protected":false},"author":1,"featured_media":0,"parent":0,"menu_order":0,"comment_status":"closed","ping_status":"closed","template":"","meta":{"_rtcl_gb_attr":"","inline_featured_image":false,"footnotes":""},"class_list":["post-505","page","type-page","status-publish","hentry"],"yoast_head":"<!-- This site is optimized with the Yoast SEO plugin v23.3 - https:\/\/yoast.com\/wordpress\/plugins\/seo\/ -->\n<title>Kontakt - Gold Silber Boerse<\/title>\n<meta name=\"robots\" content=\"index, follow, max-snippet:-1, max-image-preview:large, max-video-preview:-1\" \/>\n<link rel=\"canonical\" href=\"https:\/\/gold-silber-boerse.de\/pl\/kontakt\/\" \/>\n<meta property=\"og:locale\" content=\"pl_PL\" \/>\n<meta property=\"og:type\" content=\"article\" \/>\n<meta property=\"og:title\" content=\"Kontakt - Gold Silber Boerse\" \/>\n<meta property=\"og:description\" content=\"KONTAKT e-mail: kontakt@gold-silber-boerse.de\" \/>\n<meta property=\"og:url\" content=\"https:\/\/gold-silber-boerse.de\/pl\/kontakt\/\" \/>\n<meta property=\"og:site_name\" content=\"Gold Silber Boerse\" \/>\n<meta property=\"article:modified_time\" content=\"2024-08-08T06:02:01+00:00\" \/>\n<meta name=\"twitter:card\" content=\"summary_large_image\" \/>\n<meta name=\"twitter:label1\" content=\"Szacowany czas czytania\" \/>\n\t<meta name=\"twitter:data1\" content=\"1 minuta\" \/>\n<script type=\"application\/ld+json\" class=\"yoast-schema-graph\">{\"@context\":\"https:\/\/schema.org\",\"@graph\":[{\"@type\":\"WebPage\",\"@id\":\"https:\/\/gold-silber-boerse.de\/pl\/kontakt\/\",\"url\":\"https:\/\/gold-silber-boerse.de\/pl\/kontakt\/\",\"name\":\"Kontakt - Gold Silber Boerse\",\"isPartOf\":{\"@id\":\"https:\/\/gold-silber-boerse.de\/#website\"},\"datePublished\":\"2024-06-18T12:18:23+00:00\",\"dateModified\":\"2024-08-08T06:02:01+00:00\",\"breadcrumb\":{\"@id\":\"https:\/\/gold-silber-boerse.de\/pl\/kontakt\/#breadcrumb\"},\"inLanguage\":\"pl-PL\",\"potentialAction\":[{\"@type\":\"ReadAction\",\"target\":[\"https:\/\/gold-silber-boerse.de\/pl\/kontakt\/\"]}]},{\"@type\":\"BreadcrumbList\",\"@id\":\"https:\/\/gold-silber-boerse.de\/pl\/kontakt\/#breadcrumb\",\"itemListElement\":[{\"@type\":\"ListItem\",\"position\":1,\"name\":\"Strona g\u0142\u00f3wna\",\"item\":\"https:\/\/gold-silber-boerse.de\/\"},{\"@type\":\"ListItem\",\"position\":2,\"name\":\"Kontakt\"}]},{\"@type\":\"WebSite\",\"@id\":\"https:\/\/gold-silber-boerse.de\/#website\",\"url\":\"https:\/\/gold-silber-boerse.de\/\",\"name\":\"Gold Silber Boerse\",\"description\":\"Na naszej stronie internetowej mo\u017cesz kupi\u0107 lub sprzeda\u0107 z\u0142oto i srebro w postaci monet lub sztabek.\",\"potentialAction\":[{\"@type\":\"SearchAction\",\"target\":{\"@type\":\"EntryPoint\",\"urlTemplate\":\"https:\/\/gold-silber-boerse.de\/?s={search_term_string}\"},\"query-input\":\"required name=search_term_string\"}],\"inLanguage\":\"pl-PL\"}]}<\/script>\n<!-- \/ Yoast SEO plugin. -->","yoast_head_json":{"title":"Kontakt - Gold Silber Boerse","robots":{"index":"index","follow":"follow","max-snippet":"max-snippet:-1","max-image-preview":"max-image-preview:large","max-video-preview":"max-video-preview:-1"},"canonical":"https:\/\/gold-silber-boerse.de\/pl\/kontakt\/","og_locale":"pl_PL","og_type":"article","og_title":"Kontakt - Gold Silber Boerse","og_description":"KONTAKT e-mail: kontakt@gold-silber-boerse.de","og_url":"https:\/\/gold-silber-boerse.de\/pl\/kontakt\/","og_site_name":"Gold Silber Boerse","article_modified_time":"2024-08-08T06:02:01+00:00","twitter_card":"summary_large_image","twitter_misc":{"Szacowany czas czytania":"1 minuta"},"schema":{"@context":"https:\/\/schema.org","@graph":[{"@type":"WebPage","@id":"https:\/\/gold-silber-boerse.de\/pl\/kontakt\/","url":"https:\/\/gold-silber-boerse.de\/pl\/kontakt\/","name":"Kontakt - Gold Silber Boerse","isPartOf":{"@id":"https:\/\/gold-silber-boerse.de\/#website"},"datePublished":"2024-06-18T12:18:23+00:00","dateModified":"2024-08-08T06:02:01+00:00","breadcrumb":{"@id":"https:\/\/gold-silber-boerse.de\/pl\/kontakt\/#breadcrumb"},"inLanguage":"pl-PL","potentialAction":[{"@type":"ReadAction","target":["https:\/\/gold-silber-boerse.de\/pl\/kontakt\/"]}]},{"@type":"BreadcrumbList","@id":"https:\/\/gold-silber-boerse.de\/pl\/kontakt\/#breadcrumb","itemListElement":[{"@type":"ListItem","position":1,"name":"Strona g\u0142\u00f3wna","item":"https:\/\/gold-silber-boerse.de\/"},{"@type":"ListItem","position":2,"name":"Kontakt"}]},{"@type":"WebSite","@id":"https:\/\/gold-silber-boerse.de\/#website","url":"https:\/\/gold-silber-boerse.de\/","name":"Gold Silber Boerse","description":"Na naszej stronie internetowej mo\u017cesz kupi\u0107 lub sprzeda\u0107 z\u0142oto i srebro w postaci monet lub sztabek.","potentialAction":[{"@type":"SearchAction","target":{"@type":"EntryPoint","urlTemplate":"https:\/\/gold-silber-boerse.de\/?s={search_term_string}"},"query-input":"required name=search_term_string"}],"inLanguage":"pl-PL"}]}},"_links":{"self":[{"href":"https:\/\/gold-silber-boerse.de\/pl\/wp-json\/wp\/v2\/pages\/505"}],"collection":[{"href":"https:\/\/gold-silber-boerse.de\/pl\/wp-json\/wp\/v2\/pages"}],"about":[{"href":"https:\/\/gold-silber-boerse.de\/pl\/wp-json\/wp\/v2\/types\/page"}],"author":[{"embeddable":true,"href":"https:\/\/gold-silber-boerse.de\/pl\/wp-json\/wp\/v2\/users\/1"}],"replies":[{"embeddable":true,"href":"https:\/\/gold-silber-boerse.de\/pl\/wp-json\/wp\/v2\/comments?post=505"}],"version-history":[{"count":0,"href":"https:\/\/gold-silber-boerse.de\/pl\/wp-json\/wp\/v2\/pages\/505\/revisions"}],"wp:attachment":[{"href":"https:\/\/gold-silber-boerse.de\/pl\/wp-json\/wp\/v2\/media?parent=505"}],"curies":[{"name":"wp","href":"https:\/\/api.w.org\/{rel}","templated":true}]}}