{"id":507,"date":"2024-06-18T14:17:45","date_gmt":"2024-06-18T12:17:45","guid":{"rendered":"https:\/\/10.demooo.pl\/cennik\/"},"modified":"2025-03-25T17:19:58","modified_gmt":"2025-03-25T16:19:58","slug":"cennik","status":"publish","type":"page","link":"https:\/\/gold-silber-boerse.de\/pl\/cennik\/","title":{"rendered":"Cennik"},"content":{"rendered":"\t\t<div data-elementor-type=\"wp-page\" data-elementor-id=\"507\" class=\"elementor elementor-507 elementor-232\" data-elementor-post-type=\"page\">\n\t\t\t\t\t\t<section class=\"elementor-section elementor-top-section elementor-element elementor-element-f16e284 elementor-section-boxed elementor-section-height-default elementor-section-height-default\" data-id=\"f16e284\" data-element_type=\"section\">\n\t\t\t\t\t\t<div class=\"elementor-container elementor-column-gap-default\">\n\t\t\t\t\t<div class=\"elementor-column elementor-col-100 elementor-top-column elementor-element elementor-element-937401f\" data-id=\"937401f\" data-element_type=\"column\">\n\t\t\t<div class=\"elementor-widget-wrap elementor-element-populated\">\n\t\t\t\t\t\t<div class=\"elementor-element elementor-element-59a4d7a elementor-widget elementor-widget-heading\" data-id=\"59a4d7a\" data-element_type=\"widget\" data-widget_type=\"heading.default\">\n\t\t\t\t<div class=\"elementor-widget-container\">\n\t\t\t<h1 class=\"elementor-heading-title elementor-size-default\">CENNIK<\/h1>\t\t<\/div>\n\t\t\t\t<\/div>\n\t\t\t\t<div class=\"elementor-element elementor-element-dc45a33 elementor-widget elementor-widget-text-editor\" data-id=\"dc45a33\" data-element_type=\"widget\" data-widget_type=\"text-editor.default\">\n\t\t\t\t<div class=\"elementor-widget-container\">\n\t\t\t\t\t\t\t<p>Oddajemy do Pa\u0144stwa u\u017cytku portal og\u0142oszeniowy &#8222;gold-silber-boerse.de&#8221;. W pe\u0142ni profesjonalny portal dla os\u00f3b chc\u0105cych kupi\u0107 lub sprzeda\u0107 z\u0142oto lub srebro.<\/p>\n<p>Op\u0142ata za wstawienie og\u0142oszenia: <strong>6,99 EUR<\/strong> bez ram czasowych<\/p>\n<p>Op\u0142ata za udost\u0119pnienie kontaktu do sprzedaj\u0105cego lub kupuj\u0105cego: <strong>1 EUR<\/strong><\/p>\t\t\t\t\t\t<\/div>\n\t\t\t\t<\/div>\n\t\t\t\t\t<\/div>\n\t\t<\/div>\n\t\t\t\t\t<\/div>\n\t\t<\/section>\n\t\t\t\t<section class=\"elementor-section elementor-top-section elementor-element elementor-element-dfd386f elementor-section-boxed elementor-section-height-default elementor-section-height-default\" data-id=\"dfd386f\" data-element_type=\"section\">\n\t\t\t\t\t\t<div class=\"elementor-container elementor-column-gap-default\">\n\t\t\t\t\t<div class=\"elementor-column elementor-col-100 elementor-top-column elementor-element elementor-element-1ecfef4\" data-id=\"1ecfef4\" data-element_type=\"column\" data-settings=\"{&quot;background_background&quot;:&quot;classic&quot;}\">\n\t\t\t<div class=\"elementor-widget-wrap elementor-element-populated\">\n\t\t\t\t\t\t<section class=\"elementor-section elementor-inner-section elementor-element elementor-element-279cd9c elementor-section-content-middle elementor-section-boxed elementor-section-height-default elementor-section-height-default\" data-id=\"279cd9c\" data-element_type=\"section\">\n\t\t\t\t\t\t<div class=\"elementor-container elementor-column-gap-wider\">\n\t\t\t\t\t<div class=\"elementor-column elementor-col-14 elementor-inner-column elementor-element elementor-element-93f73d5\" data-id=\"93f73d5\" data-element_type=\"column\">\n\t\t\t<div class=\"elementor-widget-wrap elementor-element-populated\">\n\t\t\t\t\t\t<div class=\"elementor-element elementor-element-cabdfcf elementor-widget elementor-widget-image\" data-id=\"cabdfcf\" data-element_type=\"widget\" data-widget_type=\"image.default\">\n\t\t\t\t<div class=\"elementor-widget-container\">\n\t\t\t\t\t\t\t\t\t\t\t\t\t<img fetchpriority=\"high\" decoding=\"async\" width=\"752\" height=\"400\" src=\"https:\/\/gold-silber-boerse.de\/wp-content\/uploads\/2024\/10\/gpay-1.png\" class=\"attachment-large size-large wp-image-2977\" alt=\"\" srcset=\"https:\/\/gold-silber-boerse.de\/wp-content\/uploads\/2024\/10\/gpay-1.png 752w, https:\/\/gold-silber-boerse.de\/wp-content\/uploads\/2024\/10\/gpay-1-300x160.png 300w, https:\/\/gold-silber-boerse.de\/wp-content\/uploads\/2024\/10\/gpay-1-600x319.png 600w\" sizes=\"(max-width: 752px) 100vw, 752px\" title=\"\" \/>\t\t\t\t\t\t\t\t\t\t\t\t\t<\/div>\n\t\t\t\t<\/div>\n\t\t\t\t\t<\/div>\n\t\t<\/div>\n\t\t\t\t<div class=\"elementor-column elementor-col-14 elementor-inner-column elementor-element elementor-element-6c9e486\" data-id=\"6c9e486\" data-element_type=\"column\">\n\t\t\t<div class=\"elementor-widget-wrap elementor-element-populated\">\n\t\t\t\t\t\t<div class=\"elementor-element elementor-element-e4ea2e8 elementor-widget elementor-widget-image\" data-id=\"e4ea2e8\" data-element_type=\"widget\" data-widget_type=\"image.default\">\n\t\t\t\t<div class=\"elementor-widget-container\">\n\t\t\t\t\t\t\t\t\t\t\t\t\t<img decoding=\"async\" width=\"292\" height=\"120\" src=\"https:\/\/gold-silber-boerse.de\/wp-content\/uploads\/2024\/10\/applepay-1.png\" class=\"attachment-large size-large wp-image-2981\" alt=\"\" title=\"\" \/>\t\t\t\t\t\t\t\t\t\t\t\t\t<\/div>\n\t\t\t\t<\/div>\n\t\t\t\t\t<\/div>\n\t\t<\/div>\n\t\t\t\t<div class=\"elementor-column elementor-col-14 elementor-inner-column elementor-element elementor-element-926a303\" data-id=\"926a303\" data-element_type=\"column\">\n\t\t\t<div class=\"elementor-widget-wrap elementor-element-populated\">\n\t\t\t\t\t\t<div class=\"elementor-element elementor-element-db9d8d5 elementor-widget elementor-widget-image\" data-id=\"db9d8d5\" data-element_type=\"widget\" data-widget_type=\"image.default\">\n\t\t\t\t<div class=\"elementor-widget-container\">\n\t\t\t\t\t\t\t\t\t\t\t\t\t<img decoding=\"async\" width=\"360\" height=\"280\" src=\"https:\/\/gold-silber-boerse.de\/wp-content\/uploads\/2024\/10\/mastercard.png\" class=\"attachment-large size-large wp-image-2985\" alt=\"\" srcset=\"https:\/\/gold-silber-boerse.de\/wp-content\/uploads\/2024\/10\/mastercard.png 360w, https:\/\/gold-silber-boerse.de\/wp-content\/uploads\/2024\/10\/mastercard-300x233.png 300w\" sizes=\"(max-width: 360px) 100vw, 360px\" title=\"\" \/>\t\t\t\t\t\t\t\t\t\t\t\t\t<\/div>\n\t\t\t\t<\/div>\n\t\t\t\t\t<\/div>\n\t\t<\/div>\n\t\t\t\t<div class=\"elementor-column elementor-col-14 elementor-inner-column elementor-element elementor-element-03427a9\" data-id=\"03427a9\" data-element_type=\"column\">\n\t\t\t<div class=\"elementor-widget-wrap elementor-element-populated\">\n\t\t\t\t\t\t<div class=\"elementor-element elementor-element-74b9375 elementor-widget elementor-widget-image\" data-id=\"74b9375\" data-element_type=\"widget\" data-widget_type=\"image.default\">\n\t\t\t\t<div class=\"elementor-widget-container\">\n\t\t\t\t\t\t\t\t\t\t\t\t\t<img loading=\"lazy\" decoding=\"async\" width=\"420\" height=\"200\" src=\"https:\/\/gold-silber-boerse.de\/wp-content\/uploads\/2024\/10\/blik.png\" class=\"attachment-large size-large wp-image-2989\" alt=\"\" srcset=\"https:\/\/gold-silber-boerse.de\/wp-content\/uploads\/2024\/10\/blik.png 420w, https:\/\/gold-silber-boerse.de\/wp-content\/uploads\/2024\/10\/blik-300x143.png 300w\" sizes=\"(max-width: 420px) 100vw, 420px\" title=\"\" \/>\t\t\t\t\t\t\t\t\t\t\t\t\t<\/div>\n\t\t\t\t<\/div>\n\t\t\t\t\t<\/div>\n\t\t<\/div>\n\t\t\t\t<div class=\"elementor-column elementor-col-14 elementor-inner-column elementor-element elementor-element-55f5144\" data-id=\"55f5144\" data-element_type=\"column\">\n\t\t\t<div class=\"elementor-widget-wrap elementor-element-populated\">\n\t\t\t\t\t\t<div class=\"elementor-element elementor-element-0ca1745 elementor-widget elementor-widget-image\" data-id=\"0ca1745\" data-element_type=\"widget\" data-widget_type=\"image.default\">\n\t\t\t\t<div class=\"elementor-widget-container\">\n\t\t\t\t\t\t\t\t\t\t\t\t\t<img loading=\"lazy\" decoding=\"async\" width=\"630\" height=\"200\" src=\"https:\/\/gold-silber-boerse.de\/wp-content\/uploads\/2024\/10\/visa.png\" class=\"attachment-large size-large wp-image-2993\" alt=\"\" srcset=\"https:\/\/gold-silber-boerse.de\/wp-content\/uploads\/2024\/10\/visa.png 630w, https:\/\/gold-silber-boerse.de\/wp-content\/uploads\/2024\/10\/visa-300x95.png 300w, https:\/\/gold-silber-boerse.de\/wp-content\/uploads\/2024\/10\/visa-600x190.png 600w\" sizes=\"(max-width: 630px) 100vw, 630px\" title=\"\" \/>\t\t\t\t\t\t\t\t\t\t\t\t\t<\/div>\n\t\t\t\t<\/div>\n\t\t\t\t\t<\/div>\n\t\t<\/div>\n\t\t\t\t<div class=\"elementor-column elementor-col-14 elementor-inner-column elementor-element elementor-element-50242a1\" data-id=\"50242a1\" data-element_type=\"column\">\n\t\t\t<div class=\"elementor-widget-wrap elementor-element-populated\">\n\t\t\t\t\t\t<div class=\"elementor-element elementor-element-ab2593e elementor-widget elementor-widget-image\" data-id=\"ab2593e\" data-element_type=\"widget\" data-widget_type=\"image.default\">\n\t\t\t\t<div class=\"elementor-widget-container\">\n\t\t\t\t\t\t\t\t\t\t\t\t\t<img loading=\"lazy\" decoding=\"async\" width=\"730\" height=\"200\" src=\"https:\/\/gold-silber-boerse.de\/wp-content\/uploads\/2024\/10\/paypal.png\" class=\"attachment-large size-large wp-image-2997\" alt=\"\" srcset=\"https:\/\/gold-silber-boerse.de\/wp-content\/uploads\/2024\/10\/paypal.png 730w, https:\/\/gold-silber-boerse.de\/wp-content\/uploads\/2024\/10\/paypal-300x82.png 300w, https:\/\/gold-silber-boerse.de\/wp-content\/uploads\/2024\/10\/paypal-600x164.png 600w\" sizes=\"(max-width: 730px) 100vw, 730px\" title=\"\" \/>\t\t\t\t\t\t\t\t\t\t\t\t\t<\/div>\n\t\t\t\t<\/div>\n\t\t\t\t\t<\/div>\n\t\t<\/div>\n\t\t\t\t<div class=\"elementor-column elementor-col-14 elementor-inner-column elementor-element elementor-element-b509669\" data-id=\"b509669\" data-element_type=\"column\">\n\t\t\t<div class=\"elementor-widget-wrap elementor-element-populated\">\n\t\t\t\t\t\t<div class=\"elementor-element elementor-element-c38d05b elementor-widget elementor-widget-image\" data-id=\"c38d05b\" data-element_type=\"widget\" data-widget_type=\"image.default\">\n\t\t\t\t<div class=\"elementor-widget-container\">\n\t\t\t\t\t\t\t\t\t\t\t\t\t<img loading=\"lazy\" decoding=\"async\" width=\"1000\" height=\"400\" src=\"https:\/\/gold-silber-boerse.de\/wp-content\/uploads\/2024\/10\/paynow.jpg\" class=\"attachment-large size-large wp-image-3041\" alt=\"\" srcset=\"https:\/\/gold-silber-boerse.de\/wp-content\/uploads\/2024\/10\/paynow.jpg 1000w, https:\/\/gold-silber-boerse.de\/wp-content\/uploads\/2024\/10\/paynow-300x120.jpg 300w, https:\/\/gold-silber-boerse.de\/wp-content\/uploads\/2024\/10\/paynow-768x307.jpg 768w, https:\/\/gold-silber-boerse.de\/wp-content\/uploads\/2024\/10\/paynow-870x348.jpg 870w, https:\/\/gold-silber-boerse.de\/wp-content\/uploads\/2024\/10\/paynow-600x240.jpg 600w\" sizes=\"(max-width: 1000px) 100vw, 1000px\" title=\"\" \/>\t\t\t\t\t\t\t\t\t\t\t\t\t<\/div>\n\t\t\t\t<\/div>\n\t\t\t\t\t<\/div>\n\t\t<\/div>\n\t\t\t\t\t<\/div>\n\t\t<\/section>\n\t\t\t\t\t<\/div>\n\t\t<\/div>\n\t\t\t\t\t<\/div>\n\t\t<\/section>\n\t\t\t\t<\/div>\n\t\t","protected":false},"excerpt":{"rendered":"<p>CENNIK Oddajemy do Pa\u0144stwa u\u017cytku portal og\u0142oszeniowy &#8222;gold-silber-boerse.de&#8221;. W pe\u0142ni profesjonalny portal dla os\u00f3b chc\u0105cych kupi\u0107 lub sprzeda\u0107 z\u0142oto lub srebro. Op\u0142ata za wstawienie og\u0142oszenia: 6,99 EUR bez ram czasowych Op\u0142ata za udost\u0119pnienie kontaktu do sprzedaj\u0105cego lub kupuj\u0105cego: 1 EUR<\/p>\n","protected":false},"author":1,"featured_media":0,"parent":0,"menu_order":0,"comment_status":"closed","ping_status":"closed","template":"","meta":{"_rtcl_gb_attr":"","inline_featured_image":false,"footnotes":""},"class_list":["post-507","page","type-page","status-publish","hentry"],"yoast_head":"<!-- This site is optimized with the Yoast SEO plugin v23.3 - https:\/\/yoast.com\/wordpress\/plugins\/seo\/ -->\n<title>Cennik - Gold Silber Boerse<\/title>\n<meta name=\"robots\" content=\"index, follow, max-snippet:-1, max-image-preview:large, max-video-preview:-1\" \/>\n<link rel=\"canonical\" href=\"https:\/\/gold-silber-boerse.de\/die-preisliste\/\" \/>\n<meta property=\"og:locale\" content=\"pl_PL\" \/>\n<meta property=\"og:type\" content=\"article\" \/>\n<meta property=\"og:title\" content=\"Cennik - Gold Silber Boerse\" \/>\n<meta property=\"og:description\" content=\"CENNIK Oddajemy do Pa\u0144stwa u\u017cytku portal og\u0142oszeniowy &#8222;gold-silber-boerse.de&#8221;. W pe\u0142ni profesjonalny portal dla os\u00f3b chc\u0105cych kupi\u0107 lub sprzeda\u0107 z\u0142oto lub srebro. Op\u0142ata za wstawienie og\u0142oszenia: 6,99 EUR bez ram czasowych Op\u0142ata za udost\u0119pnienie kontaktu do sprzedaj\u0105cego lub kupuj\u0105cego: 1 EUR\" \/>\n<meta property=\"og:url\" content=\"https:\/\/gold-silber-boerse.de\/die-preisliste\/\" \/>\n<meta property=\"og:site_name\" content=\"Gold Silber Boerse\" \/>\n<meta property=\"article:modified_time\" content=\"2025-03-25T16:19:58+00:00\" \/>\n<meta property=\"og:image\" content=\"https:\/\/gold-silber-boerse.de\/wp-content\/uploads\/2024\/10\/gpay-1.png\" \/>\n<meta name=\"twitter:card\" content=\"summary_large_image\" \/>\n<meta name=\"twitter:label1\" content=\"Szacowany czas czytania\" \/>\n\t<meta name=\"twitter:data1\" content=\"2 minuty\" \/>\n<script type=\"application\/ld+json\" class=\"yoast-schema-graph\">{\"@context\":\"https:\/\/schema.org\",\"@graph\":[{\"@type\":\"WebPage\",\"@id\":\"https:\/\/gold-silber-boerse.de\/die-preisliste\/\",\"url\":\"https:\/\/gold-silber-boerse.de\/die-preisliste\/\",\"name\":\"Cennik - Gold Silber Boerse\",\"isPartOf\":{\"@id\":\"https:\/\/gold-silber-boerse.de\/#website\"},\"primaryImageOfPage\":{\"@id\":\"https:\/\/gold-silber-boerse.de\/die-preisliste\/#primaryimage\"},\"image\":{\"@id\":\"https:\/\/gold-silber-boerse.de\/die-preisliste\/#primaryimage\"},\"thumbnailUrl\":\"https:\/\/gold-silber-boerse.de\/wp-content\/uploads\/2024\/10\/gpay-1.png\",\"datePublished\":\"2024-06-18T12:17:45+00:00\",\"dateModified\":\"2025-03-25T16:19:58+00:00\",\"breadcrumb\":{\"@id\":\"https:\/\/gold-silber-boerse.de\/die-preisliste\/#breadcrumb\"},\"inLanguage\":\"pl-PL\",\"potentialAction\":[{\"@type\":\"ReadAction\",\"target\":[\"https:\/\/gold-silber-boerse.de\/die-preisliste\/\"]}]},{\"@type\":\"ImageObject\",\"inLanguage\":\"pl-PL\",\"@id\":\"https:\/\/gold-silber-boerse.de\/die-preisliste\/#primaryimage\",\"url\":\"https:\/\/gold-silber-boerse.de\/wp-content\/uploads\/2024\/10\/gpay-1.png\",\"contentUrl\":\"https:\/\/gold-silber-boerse.de\/wp-content\/uploads\/2024\/10\/gpay-1.png\"},{\"@type\":\"BreadcrumbList\",\"@id\":\"https:\/\/gold-silber-boerse.de\/die-preisliste\/#breadcrumb\",\"itemListElement\":[{\"@type\":\"ListItem\",\"position\":1,\"name\":\"Strona g\u0142\u00f3wna\",\"item\":\"https:\/\/gold-silber-boerse.de\/\"},{\"@type\":\"ListItem\",\"position\":2,\"name\":\"Cennik\"}]},{\"@type\":\"WebSite\",\"@id\":\"https:\/\/gold-silber-boerse.de\/#website\",\"url\":\"https:\/\/gold-silber-boerse.de\/\",\"name\":\"Gold Silber Boerse\",\"description\":\"Na naszej stronie internetowej mo\u017cesz kupi\u0107 lub sprzeda\u0107 z\u0142oto i srebro w postaci monet lub sztabek.\",\"potentialAction\":[{\"@type\":\"SearchAction\",\"target\":{\"@type\":\"EntryPoint\",\"urlTemplate\":\"https:\/\/gold-silber-boerse.de\/?s={search_term_string}\"},\"query-input\":\"required name=search_term_string\"}],\"inLanguage\":\"pl-PL\"}]}<\/script>\n<!-- \/ Yoast SEO plugin. -->","yoast_head_json":{"title":"Cennik - Gold Silber Boerse","robots":{"index":"index","follow":"follow","max-snippet":"max-snippet:-1","max-image-preview":"max-image-preview:large","max-video-preview":"max-video-preview:-1"},"canonical":"https:\/\/gold-silber-boerse.de\/die-preisliste\/","og_locale":"pl_PL","og_type":"article","og_title":"Cennik - Gold Silber Boerse","og_description":"CENNIK Oddajemy do Pa\u0144stwa u\u017cytku portal og\u0142oszeniowy &#8222;gold-silber-boerse.de&#8221;. W pe\u0142ni profesjonalny portal dla os\u00f3b chc\u0105cych kupi\u0107 lub sprzeda\u0107 z\u0142oto lub srebro. Op\u0142ata za wstawienie og\u0142oszenia: 6,99 EUR bez ram czasowych Op\u0142ata za udost\u0119pnienie kontaktu do sprzedaj\u0105cego lub kupuj\u0105cego: 1 EUR","og_url":"https:\/\/gold-silber-boerse.de\/die-preisliste\/","og_site_name":"Gold Silber Boerse","article_modified_time":"2025-03-25T16:19:58+00:00","og_image":[{"url":"https:\/\/gold-silber-boerse.de\/wp-content\/uploads\/2024\/10\/gpay-1.png"}],"twitter_card":"summary_large_image","twitter_misc":{"Szacowany czas czytania":"2 minuty"},"schema":{"@context":"https:\/\/schema.org","@graph":[{"@type":"WebPage","@id":"https:\/\/gold-silber-boerse.de\/die-preisliste\/","url":"https:\/\/gold-silber-boerse.de\/die-preisliste\/","name":"Cennik - Gold Silber Boerse","isPartOf":{"@id":"https:\/\/gold-silber-boerse.de\/#website"},"primaryImageOfPage":{"@id":"https:\/\/gold-silber-boerse.de\/die-preisliste\/#primaryimage"},"image":{"@id":"https:\/\/gold-silber-boerse.de\/die-preisliste\/#primaryimage"},"thumbnailUrl":"https:\/\/gold-silber-boerse.de\/wp-content\/uploads\/2024\/10\/gpay-1.png","datePublished":"2024-06-18T12:17:45+00:00","dateModified":"2025-03-25T16:19:58+00:00","breadcrumb":{"@id":"https:\/\/gold-silber-boerse.de\/die-preisliste\/#breadcrumb"},"inLanguage":"pl-PL","potentialAction":[{"@type":"ReadAction","target":["https:\/\/gold-silber-boerse.de\/die-preisliste\/"]}]},{"@type":"ImageObject","inLanguage":"pl-PL","@id":"https:\/\/gold-silber-boerse.de\/die-preisliste\/#primaryimage","url":"https:\/\/gold-silber-boerse.de\/wp-content\/uploads\/2024\/10\/gpay-1.png","contentUrl":"https:\/\/gold-silber-boerse.de\/wp-content\/uploads\/2024\/10\/gpay-1.png"},{"@type":"BreadcrumbList","@id":"https:\/\/gold-silber-boerse.de\/die-preisliste\/#breadcrumb","itemListElement":[{"@type":"ListItem","position":1,"name":"Strona g\u0142\u00f3wna","item":"https:\/\/gold-silber-boerse.de\/"},{"@type":"ListItem","position":2,"name":"Cennik"}]},{"@type":"WebSite","@id":"https:\/\/gold-silber-boerse.de\/#website","url":"https:\/\/gold-silber-boerse.de\/","name":"Gold Silber Boerse","description":"Na naszej stronie internetowej mo\u017cesz kupi\u0107 lub sprzeda\u0107 z\u0142oto i srebro w postaci monet lub sztabek.","potentialAction":[{"@type":"SearchAction","target":{"@type":"EntryPoint","urlTemplate":"https:\/\/gold-silber-boerse.de\/?s={search_term_string}"},"query-input":"required name=search_term_string"}],"inLanguage":"pl-PL"}]}},"_links":{"self":[{"href":"https:\/\/gold-silber-boerse.de\/pl\/wp-json\/wp\/v2\/pages\/507"}],"collection":[{"href":"https:\/\/gold-silber-boerse.de\/pl\/wp-json\/wp\/v2\/pages"}],"about":[{"href":"https:\/\/gold-silber-boerse.de\/pl\/wp-json\/wp\/v2\/types\/page"}],"author":[{"embeddable":true,"href":"https:\/\/gold-silber-boerse.de\/pl\/wp-json\/wp\/v2\/users\/1"}],"replies":[{"embeddable":true,"href":"https:\/\/gold-silber-boerse.de\/pl\/wp-json\/wp\/v2\/comments?post=507"}],"version-history":[{"count":12,"href":"https:\/\/gold-silber-boerse.de\/pl\/wp-json\/wp\/v2\/pages\/507\/revisions"}],"predecessor-version":[{"id":4866,"href":"https:\/\/gold-silber-boerse.de\/pl\/wp-json\/wp\/v2\/pages\/507\/revisions\/4866"}],"wp:attachment":[{"href":"https:\/\/gold-silber-boerse.de\/pl\/wp-json\/wp\/v2\/media?parent=507"}],"curies":[{"name":"wp","href":"https:\/\/api.w.org\/{rel}","templated":true}]}}