{"id":538,"date":"2024-06-17T17:27:51","date_gmt":"2024-06-17T15:27:51","guid":{"rendered":"https:\/\/10.demooo.pl\/%d1%84%d0%be%d1%80%d0%bc%d0%b0-%d0%bf%d1%80%d0%b5%d0%b4%d0%bb%d0%be%d0%b6%d0%b5%d0%bd%d0%b8%d1%8f\/"},"modified":"2024-06-17T17:27:51","modified_gmt":"2024-06-17T15:27:51","slug":"%d1%84%d0%be%d1%80%d0%bc%d0%b0-%d0%bf%d1%80%d0%b5%d0%b4%d0%bb%d0%be%d0%b6%d0%b5%d0%bd%d0%b8%d1%8f","status":"publish","type":"page","link":"https:\/\/gold-silber-boerse.de\/ru\/%d1%84%d0%be%d1%80%d0%bc%d0%b0-%d0%bf%d1%80%d0%b5%d0%b4%d0%bb%d0%be%d0%b6%d0%b5%d0%bd%d0%b8%d1%8f\/","title":{"rendered":"\u0424\u043e\u0440\u043c\u0430 \u043f\u0440\u0435\u0434\u043b\u043e\u0436\u0435\u043d\u0438\u044f"},"content":{"rendered":"<div class=\"rtcl\">\n<div class=\"rtcl-listing-info-selecting\">\n\t\t\t<div id=\"rtcl-ad-type-selection\">\n\t\t\t<div class=\"rtcl-post-section-title\">\n\t\t\t\t<h3>\n\t\t\t\t\t<i class=\"rtcl-icon rtcl-icon-tags\"><\/i>\u0412\u044b\u0431\u0435\u0440\u0438\u0442\u0435 \u0442\u0438\u043f\t\t\t\t<\/h3>\n\t\t\t<\/div>\n\t\t\t<div class=\"form-group row\">\n\t\t\t\t<label for=\"rtcl-category\"\n\t\t\t\t\t   class=\"col-md-2 col-form-label\">\u0422\u0438\u043f \u043e\u0431\u044a\u044f\u0432\u043b\u0435\u043d\u0438\u044f\t\t\t\t\t<span class=\"require-star\">*<\/span>\n\t\t\t\t<\/label>\n\t\t\t\t<div class=\"col-md-10\">\n\t\t\t\t\t<select class=\"rtcl-select2 form-control\" id=\"rtcl-ad-type\" name=\"type\" required>\n\t\t\t\t\t\t<option value=\"\">--\u0412\u044b\u0431\u0435\u0440\u0438\u0442\u0435 \u0442\u0438\u043f--<\/option>\n\t\t\t\t\t\t<option value='sell'>\u041f\u0440\u043e\u0434\u0430\u0442\u044c<\/option><option value='buy'>\u041a\u0443\u043f\u0438\u0442\u044c<\/option><option value='exchange'>\u041e\u0431\u043c\u0435\u043d<\/option>\t\t\t\t\t<\/select>\n\t\t\t\t<\/div>\n\t\t\t<\/div>\n\t\t<\/div>\n\t\t<div id=\"rtcl-ad-category-selection\"\n\t\t style=\"display: none\">\n\t\t<div class=\"rtcl-post-section-title\">\n\t\t\t<h3>\n\t\t\t\t<i class=\"rtcl-icon rtcl-icon-tags\"><\/i>\u0412\u044b\u0431\u0435\u0440\u0438\u0442\u0435 \u043a\u0430\u0442\u0435\u0433\u043e\u0440\u0438\u044e\t\t\t<\/h3>\n\t\t<\/div>\n\t\t<div class=\"rtcl-post-category\">\n\t\t\t<div class=\"form-group row\" id=\"cat-row\">\n\t\t\t\t<label for=\"rtcl-category\"\n\t\t\t\t\t   class=\"col-md-2 col-form-label\">\u041a\u0430\u0442\u0435\u0433\u043e\u0440\u0438\u044f\t\t\t\t\t<span class=\"require-star\">*<\/span><\/label>\n\t\t\t\t<div class=\"col-md-10\" id=\"rtcl-category-wrap\">\n\t\t\t\t\t<select class=\"rtcl-select2 form-control\" id=\"rtcl-category\" required>\n\t\t\t\t\t\t<option value=\"\">\u0412\u044b\u0431\u0435\u0440\u0438\u0442\u0435 \u043a\u0430\u0442\u0435\u0433\u043e\u0440\u0438\u044e<\/option>\n\t\t\t\t\t\t<option value=\"95\">\u0421\u0435\u0440\u0435\u0431\u0440\u043e<\/option><option value=\"92\">\u0417\u043e\u043b\u043e\u0442\u043e<\/option>\t\t\t\t\t<\/select>\n\t\t\t\t<\/div>\n\t\t\t<\/div>\n\t\t\t\t\t\t<div class=\"form-group row rtcl-hide\" id=\"sub-cat-row\">\n\t\t\t\t<label for=\"rtcl-sub-category\"\n\t\t\t\t\t   class=\"col-md-2 col-form-label\">\u041f\u043e\u0434\u043a\u0430\u0442\u0435\u0433\u043e\u0440\u0438\u044f\t\t\t\t\t<span class=\"require-star\">*<\/span><\/label>\n\t\t\t\t<div class=\"col-md-10\" id=\"rtcl-sub-category-wrap\">\n\t\t\t\t\t\t\t\t\t<\/div>\n\t\t\t<\/div>\n\t\t<\/div>\n\t<\/div>\n<\/div>\n<\/div>\n","protected":false},"excerpt":{"rendered":"","protected":false},"author":1,"featured_media":0,"parent":0,"menu_order":0,"comment_status":"closed","ping_status":"closed","template":"","meta":{"_rtcl_gb_attr":"","inline_featured_image":false,"footnotes":""},"class_list":["post-538","page","type-page","status-publish","hentry"],"yoast_head":"<!-- This site is optimized with the Yoast SEO plugin v23.3 - https:\/\/yoast.com\/wordpress\/plugins\/seo\/ -->\n<title>\u0424\u043e\u0440\u043c\u0430 \u043f\u0440\u0435\u0434\u043b\u043e\u0436\u0435\u043d\u0438\u044f - Gold Silber Boerse<\/title>\n<meta name=\"robots\" content=\"index, follow, max-snippet:-1, max-image-preview:large, max-video-preview:-1\" \/>\n<link rel=\"canonical\" href=\"https:\/\/gold-silber-boerse.de\/listing-form\/\" \/>\n<meta property=\"og:locale\" content=\"ru_RU\" \/>\n<meta property=\"og:type\" content=\"article\" \/>\n<meta property=\"og:title\" content=\"\u0424\u043e\u0440\u043c\u0430 \u043f\u0440\u0435\u0434\u043b\u043e\u0436\u0435\u043d\u0438\u044f - Gold Silber Boerse\" \/>\n<meta property=\"og:url\" content=\"https:\/\/gold-silber-boerse.de\/listing-form\/\" \/>\n<meta property=\"og:site_name\" content=\"Gold Silber Boerse\" \/>\n<meta name=\"twitter:card\" content=\"summary_large_image\" \/>\n<script type=\"application\/ld+json\" class=\"yoast-schema-graph\">{\"@context\":\"https:\/\/schema.org\",\"@graph\":[{\"@type\":\"WebPage\",\"@id\":\"https:\/\/gold-silber-boerse.de\/listing-form\/\",\"url\":\"https:\/\/gold-silber-boerse.de\/listing-form\/\",\"name\":\"\u0424\u043e\u0440\u043c\u0430 \u043f\u0440\u0435\u0434\u043b\u043e\u0436\u0435\u043d\u0438\u044f - Gold Silber Boerse\",\"isPartOf\":{\"@id\":\"https:\/\/gold-silber-boerse.de\/#website\"},\"datePublished\":\"2024-06-17T15:27:51+00:00\",\"dateModified\":\"2024-06-17T15:27:51+00:00\",\"breadcrumb\":{\"@id\":\"https:\/\/gold-silber-boerse.de\/listing-form\/#breadcrumb\"},\"inLanguage\":\"ru-RU\",\"potentialAction\":[{\"@type\":\"ReadAction\",\"target\":[\"https:\/\/gold-silber-boerse.de\/listing-form\/\"]}]},{\"@type\":\"BreadcrumbList\",\"@id\":\"https:\/\/gold-silber-boerse.de\/listing-form\/#breadcrumb\",\"itemListElement\":[{\"@type\":\"ListItem\",\"position\":1,\"name\":\"Strona g\u0142\u00f3wna\",\"item\":\"https:\/\/gold-silber-boerse.de\/\"},{\"@type\":\"ListItem\",\"position\":2,\"name\":\"\u0424\u043e\u0440\u043c\u0430 \u043f\u0440\u0435\u0434\u043b\u043e\u0436\u0435\u043d\u0438\u044f\"}]},{\"@type\":\"WebSite\",\"@id\":\"https:\/\/gold-silber-boerse.de\/#website\",\"url\":\"https:\/\/gold-silber-boerse.de\/\",\"name\":\"Gold Silber Boerse\",\"description\":\"Na naszej stronie internetowej mo\u017cesz kupi\u0107 lub sprzeda\u0107 z\u0142oto i srebro w postaci monet lub sztabek.\",\"potentialAction\":[{\"@type\":\"SearchAction\",\"target\":{\"@type\":\"EntryPoint\",\"urlTemplate\":\"https:\/\/gold-silber-boerse.de\/?s={search_term_string}\"},\"query-input\":\"required name=search_term_string\"}],\"inLanguage\":\"ru-RU\"}]}<\/script>\n<!-- \/ Yoast SEO plugin. -->","yoast_head_json":{"title":"\u0424\u043e\u0440\u043c\u0430 \u043f\u0440\u0435\u0434\u043b\u043e\u0436\u0435\u043d\u0438\u044f - Gold Silber Boerse","robots":{"index":"index","follow":"follow","max-snippet":"max-snippet:-1","max-image-preview":"max-image-preview:large","max-video-preview":"max-video-preview:-1"},"canonical":"https:\/\/gold-silber-boerse.de\/listing-form\/","og_locale":"ru_RU","og_type":"article","og_title":"\u0424\u043e\u0440\u043c\u0430 \u043f\u0440\u0435\u0434\u043b\u043e\u0436\u0435\u043d\u0438\u044f - Gold Silber Boerse","og_url":"https:\/\/gold-silber-boerse.de\/listing-form\/","og_site_name":"Gold Silber Boerse","twitter_card":"summary_large_image","schema":{"@context":"https:\/\/schema.org","@graph":[{"@type":"WebPage","@id":"https:\/\/gold-silber-boerse.de\/listing-form\/","url":"https:\/\/gold-silber-boerse.de\/listing-form\/","name":"\u0424\u043e\u0440\u043c\u0430 \u043f\u0440\u0435\u0434\u043b\u043e\u0436\u0435\u043d\u0438\u044f - Gold Silber Boerse","isPartOf":{"@id":"https:\/\/gold-silber-boerse.de\/#website"},"datePublished":"2024-06-17T15:27:51+00:00","dateModified":"2024-06-17T15:27:51+00:00","breadcrumb":{"@id":"https:\/\/gold-silber-boerse.de\/listing-form\/#breadcrumb"},"inLanguage":"ru-RU","potentialAction":[{"@type":"ReadAction","target":["https:\/\/gold-silber-boerse.de\/listing-form\/"]}]},{"@type":"BreadcrumbList","@id":"https:\/\/gold-silber-boerse.de\/listing-form\/#breadcrumb","itemListElement":[{"@type":"ListItem","position":1,"name":"Strona g\u0142\u00f3wna","item":"https:\/\/gold-silber-boerse.de\/"},{"@type":"ListItem","position":2,"name":"\u0424\u043e\u0440\u043c\u0430 \u043f\u0440\u0435\u0434\u043b\u043e\u0436\u0435\u043d\u0438\u044f"}]},{"@type":"WebSite","@id":"https:\/\/gold-silber-boerse.de\/#website","url":"https:\/\/gold-silber-boerse.de\/","name":"Gold Silber Boerse","description":"Na naszej stronie internetowej mo\u017cesz kupi\u0107 lub sprzeda\u0107 z\u0142oto i srebro w postaci monet lub sztabek.","potentialAction":[{"@type":"SearchAction","target":{"@type":"EntryPoint","urlTemplate":"https:\/\/gold-silber-boerse.de\/?s={search_term_string}"},"query-input":"required name=search_term_string"}],"inLanguage":"ru-RU"}]}},"_links":{"self":[{"href":"https:\/\/gold-silber-boerse.de\/ru\/wp-json\/wp\/v2\/pages\/538"}],"collection":[{"href":"https:\/\/gold-silber-boerse.de\/ru\/wp-json\/wp\/v2\/pages"}],"about":[{"href":"https:\/\/gold-silber-boerse.de\/ru\/wp-json\/wp\/v2\/types\/page"}],"author":[{"embeddable":true,"href":"https:\/\/gold-silber-boerse.de\/ru\/wp-json\/wp\/v2\/users\/1"}],"replies":[{"embeddable":true,"href":"https:\/\/gold-silber-boerse.de\/ru\/wp-json\/wp\/v2\/comments?post=538"}],"version-history":[{"count":0,"href":"https:\/\/gold-silber-boerse.de\/ru\/wp-json\/wp\/v2\/pages\/538\/revisions"}],"wp:attachment":[{"href":"https:\/\/gold-silber-boerse.de\/ru\/wp-json\/wp\/v2\/media?parent=538"}],"curies":[{"name":"wp","href":"https:\/\/api.w.org\/{rel}","templated":true}]}}