{"id":540,"date":"2024-06-18T14:17:45","date_gmt":"2024-06-18T12:17:45","guid":{"rendered":"https:\/\/10.demooo.pl\/%d0%bf%d1%80%d0%b0%d0%b9%d1%81-%d0%bb%d0%b8%d1%81%d1%82\/"},"modified":"2025-03-25T17:21:07","modified_gmt":"2025-03-25T16:21:07","slug":"%d0%bf%d1%80%d0%b0%d0%b9%d1%81-%d0%bb%d0%b8%d1%81%d1%82","status":"publish","type":"page","link":"https:\/\/gold-silber-boerse.de\/ru\/%d0%bf%d1%80%d0%b0%d0%b9%d1%81-%d0%bb%d0%b8%d1%81%d1%82\/","title":{"rendered":"\u041f\u0440\u0430\u0439\u0441-\u043b\u0438\u0441\u0442"},"content":{"rendered":"\t\t<div data-elementor-type=\"wp-page\" data-elementor-id=\"540\" class=\"elementor elementor-540 elementor-232\" data-elementor-post-type=\"page\">\n\t\t\t\t\t\t<section class=\"elementor-section elementor-top-section elementor-element elementor-element-f16e284 elementor-section-boxed elementor-section-height-default elementor-section-height-default\" data-id=\"f16e284\" data-element_type=\"section\">\n\t\t\t\t\t\t<div class=\"elementor-container elementor-column-gap-default\">\n\t\t\t\t\t<div class=\"elementor-column elementor-col-100 elementor-top-column elementor-element elementor-element-937401f\" data-id=\"937401f\" data-element_type=\"column\">\n\t\t\t<div class=\"elementor-widget-wrap elementor-element-populated\">\n\t\t\t\t\t\t<div class=\"elementor-element elementor-element-59a4d7a elementor-widget elementor-widget-heading\" data-id=\"59a4d7a\" data-element_type=\"widget\" data-widget_type=\"heading.default\">\n\t\t\t\t<div class=\"elementor-widget-container\">\n\t\t\t<h1 class=\"elementor-heading-title elementor-size-default\">\u041f\u0420\u0410\u0419\u0421-\u041b\u0418\u0421\u0422<\/h1>\t\t<\/div>\n\t\t\t\t<\/div>\n\t\t\t\t<div class=\"elementor-element elementor-element-dc45a33 elementor-widget elementor-widget-text-editor\" data-id=\"dc45a33\" data-element_type=\"widget\" data-widget_type=\"text-editor.default\">\n\t\t\t\t<div class=\"elementor-widget-container\">\n\t\t\t\t\t\t\t<p>\u041f\u0440\u0435\u0434\u043b\u0430\u0433\u0430\u0435\u043c \u0412\u0430\u043c \u0440\u0435\u043a\u043b\u0430\u043c\u043d\u044b\u0439 \u043f\u043e\u0440\u0442\u0430\u043b \u00abgold-silber-boerse.de\u00bb. \u041f\u043e\u043b\u043d\u043e\u0441\u0442\u044c\u044e \u043f\u0440\u043e\u0444\u0435\u0441\u0441\u0438\u043e\u043d\u0430\u043b\u044c\u043d\u044b\u0439 \u043f\u043e\u0440\u0442\u0430\u043b \u0434\u043b\u044f \u043b\u044e\u0434\u0435\u0439, \u043a\u043e\u0442\u043e\u0440\u044b\u0435 \u0445\u043e\u0442\u044f\u0442 \u043a\u0443\u043f\u0438\u0442\u044c \u0438\u043b\u0438 \u043f\u0440\u043e\u0434\u0430\u0442\u044c \u0437\u043e\u043b\u043e\u0442\u043e \u0438\u043b\u0438 \u0441\u0435\u0440\u0435\u0431\u0440\u043e.<\/p>\n<p>\u041f\u043b\u0430\u0442\u0430 \u0437\u0430 \u0440\u0430\u0437\u043c\u0435\u0449\u0435\u043d\u0438\u0435 \u043e\u0431\u044a\u044f\u0432\u043b\u0435\u043d\u0438\u044f: <strong>6,99 \u0435\u0432\u0440\u043e<\/strong> \u0431\u0435\u0437 \u0443\u0447\u0435\u0442\u0430 \u0441\u0440\u043e\u043a\u0430.<\/p>\n<p>\u041f\u043b\u0430\u0442\u0430 \u0437\u0430 \u043f\u0440\u0435\u0434\u043e\u0441\u0442\u0430\u0432\u043b\u0435\u043d\u0438\u0435 \u043a\u043e\u043d\u0442\u0430\u043a\u0442\u043d\u043e\u0439 \u0438\u043d\u0444\u043e\u0440\u043c\u0430\u0446\u0438\u0438 \u043f\u0440\u043e\u0434\u0430\u0432\u0446\u0443 \u0438\u043b\u0438 \u043f\u043e\u043a\u0443\u043f\u0430\u0442\u0435\u043b\u044e:<strong> 1 \u0435\u0432\u0440\u043e<\/strong>.<\/p>\t\t\t\t\t\t<\/div>\n\t\t\t\t<\/div>\n\t\t\t\t\t<\/div>\n\t\t<\/div>\n\t\t\t\t\t<\/div>\n\t\t<\/section>\n\t\t\t\t<section class=\"elementor-section elementor-top-section elementor-element elementor-element-887df33 elementor-section-boxed elementor-section-height-default elementor-section-height-default\" data-id=\"887df33\" data-element_type=\"section\">\n\t\t\t\t\t\t<div class=\"elementor-container elementor-column-gap-default\">\n\t\t\t\t\t<div class=\"elementor-column elementor-col-100 elementor-top-column elementor-element elementor-element-66fbcee\" data-id=\"66fbcee\" data-element_type=\"column\" data-settings=\"{&quot;background_background&quot;:&quot;classic&quot;}\">\n\t\t\t<div class=\"elementor-widget-wrap elementor-element-populated\">\n\t\t\t\t\t\t<section class=\"elementor-section elementor-inner-section elementor-element elementor-element-91405af elementor-section-content-middle elementor-section-boxed elementor-section-height-default elementor-section-height-default\" data-id=\"91405af\" data-element_type=\"section\">\n\t\t\t\t\t\t<div class=\"elementor-container elementor-column-gap-wider\">\n\t\t\t\t\t<div class=\"elementor-column elementor-col-14 elementor-inner-column elementor-element elementor-element-6768432\" data-id=\"6768432\" data-element_type=\"column\">\n\t\t\t<div class=\"elementor-widget-wrap elementor-element-populated\">\n\t\t\t\t\t\t<div class=\"elementor-element elementor-element-8a5ae2f elementor-widget elementor-widget-image\" data-id=\"8a5ae2f\" data-element_type=\"widget\" data-widget_type=\"image.default\">\n\t\t\t\t<div class=\"elementor-widget-container\">\n\t\t\t\t\t\t\t\t\t\t\t\t\t<img fetchpriority=\"high\" decoding=\"async\" width=\"752\" height=\"400\" src=\"https:\/\/gold-silber-boerse.de\/wp-content\/uploads\/2024\/10\/gpay-1.png\" class=\"attachment-large size-large wp-image-2977\" alt=\"\" srcset=\"https:\/\/gold-silber-boerse.de\/wp-content\/uploads\/2024\/10\/gpay-1.png 752w, https:\/\/gold-silber-boerse.de\/wp-content\/uploads\/2024\/10\/gpay-1-300x160.png 300w, https:\/\/gold-silber-boerse.de\/wp-content\/uploads\/2024\/10\/gpay-1-600x319.png 600w\" sizes=\"(max-width: 752px) 100vw, 752px\" title=\"\" \/>\t\t\t\t\t\t\t\t\t\t\t\t\t<\/div>\n\t\t\t\t<\/div>\n\t\t\t\t\t<\/div>\n\t\t<\/div>\n\t\t\t\t<div class=\"elementor-column elementor-col-14 elementor-inner-column elementor-element elementor-element-512b7f7\" data-id=\"512b7f7\" data-element_type=\"column\">\n\t\t\t<div class=\"elementor-widget-wrap elementor-element-populated\">\n\t\t\t\t\t\t<div class=\"elementor-element elementor-element-ae873ce elementor-widget elementor-widget-image\" data-id=\"ae873ce\" data-element_type=\"widget\" data-widget_type=\"image.default\">\n\t\t\t\t<div class=\"elementor-widget-container\">\n\t\t\t\t\t\t\t\t\t\t\t\t\t<img decoding=\"async\" width=\"292\" height=\"120\" src=\"https:\/\/gold-silber-boerse.de\/wp-content\/uploads\/2024\/10\/applepay-1.png\" class=\"attachment-large size-large wp-image-2981\" alt=\"\" title=\"\" \/>\t\t\t\t\t\t\t\t\t\t\t\t\t<\/div>\n\t\t\t\t<\/div>\n\t\t\t\t\t<\/div>\n\t\t<\/div>\n\t\t\t\t<div class=\"elementor-column elementor-col-14 elementor-inner-column elementor-element elementor-element-a486e4b\" data-id=\"a486e4b\" data-element_type=\"column\">\n\t\t\t<div class=\"elementor-widget-wrap elementor-element-populated\">\n\t\t\t\t\t\t<div class=\"elementor-element elementor-element-7a6488e elementor-widget elementor-widget-image\" data-id=\"7a6488e\" data-element_type=\"widget\" data-widget_type=\"image.default\">\n\t\t\t\t<div class=\"elementor-widget-container\">\n\t\t\t\t\t\t\t\t\t\t\t\t\t<img decoding=\"async\" width=\"360\" height=\"280\" src=\"https:\/\/gold-silber-boerse.de\/wp-content\/uploads\/2024\/10\/mastercard.png\" class=\"attachment-large size-large wp-image-2985\" alt=\"\" srcset=\"https:\/\/gold-silber-boerse.de\/wp-content\/uploads\/2024\/10\/mastercard.png 360w, https:\/\/gold-silber-boerse.de\/wp-content\/uploads\/2024\/10\/mastercard-300x233.png 300w\" sizes=\"(max-width: 360px) 100vw, 360px\" title=\"\" \/>\t\t\t\t\t\t\t\t\t\t\t\t\t<\/div>\n\t\t\t\t<\/div>\n\t\t\t\t\t<\/div>\n\t\t<\/div>\n\t\t\t\t<div class=\"elementor-column elementor-col-14 elementor-inner-column elementor-element elementor-element-4add512\" data-id=\"4add512\" data-element_type=\"column\">\n\t\t\t<div class=\"elementor-widget-wrap elementor-element-populated\">\n\t\t\t\t\t\t<div class=\"elementor-element elementor-element-ffde8d9 elementor-widget elementor-widget-image\" data-id=\"ffde8d9\" data-element_type=\"widget\" data-widget_type=\"image.default\">\n\t\t\t\t<div class=\"elementor-widget-container\">\n\t\t\t\t\t\t\t\t\t\t\t\t\t<img loading=\"lazy\" decoding=\"async\" width=\"420\" height=\"200\" src=\"https:\/\/gold-silber-boerse.de\/wp-content\/uploads\/2024\/10\/blik.png\" class=\"attachment-large size-large wp-image-2989\" alt=\"\" srcset=\"https:\/\/gold-silber-boerse.de\/wp-content\/uploads\/2024\/10\/blik.png 420w, https:\/\/gold-silber-boerse.de\/wp-content\/uploads\/2024\/10\/blik-300x143.png 300w\" sizes=\"(max-width: 420px) 100vw, 420px\" title=\"\" \/>\t\t\t\t\t\t\t\t\t\t\t\t\t<\/div>\n\t\t\t\t<\/div>\n\t\t\t\t\t<\/div>\n\t\t<\/div>\n\t\t\t\t<div class=\"elementor-column elementor-col-14 elementor-inner-column elementor-element elementor-element-7c944b9\" data-id=\"7c944b9\" data-element_type=\"column\">\n\t\t\t<div class=\"elementor-widget-wrap elementor-element-populated\">\n\t\t\t\t\t\t<div class=\"elementor-element elementor-element-d081e2a elementor-widget elementor-widget-image\" data-id=\"d081e2a\" data-element_type=\"widget\" data-widget_type=\"image.default\">\n\t\t\t\t<div class=\"elementor-widget-container\">\n\t\t\t\t\t\t\t\t\t\t\t\t\t<img loading=\"lazy\" decoding=\"async\" width=\"630\" height=\"200\" src=\"https:\/\/gold-silber-boerse.de\/wp-content\/uploads\/2024\/10\/visa.png\" class=\"attachment-large size-large wp-image-2993\" alt=\"\" srcset=\"https:\/\/gold-silber-boerse.de\/wp-content\/uploads\/2024\/10\/visa.png 630w, https:\/\/gold-silber-boerse.de\/wp-content\/uploads\/2024\/10\/visa-300x95.png 300w, https:\/\/gold-silber-boerse.de\/wp-content\/uploads\/2024\/10\/visa-600x190.png 600w\" sizes=\"(max-width: 630px) 100vw, 630px\" title=\"\" \/>\t\t\t\t\t\t\t\t\t\t\t\t\t<\/div>\n\t\t\t\t<\/div>\n\t\t\t\t\t<\/div>\n\t\t<\/div>\n\t\t\t\t<div class=\"elementor-column elementor-col-14 elementor-inner-column elementor-element elementor-element-0a57694\" data-id=\"0a57694\" data-element_type=\"column\">\n\t\t\t<div class=\"elementor-widget-wrap elementor-element-populated\">\n\t\t\t\t\t\t<div class=\"elementor-element elementor-element-fab2d84 elementor-widget elementor-widget-image\" data-id=\"fab2d84\" data-element_type=\"widget\" data-widget_type=\"image.default\">\n\t\t\t\t<div class=\"elementor-widget-container\">\n\t\t\t\t\t\t\t\t\t\t\t\t\t<img loading=\"lazy\" decoding=\"async\" width=\"730\" height=\"200\" src=\"https:\/\/gold-silber-boerse.de\/wp-content\/uploads\/2024\/10\/paypal.png\" class=\"attachment-large size-large wp-image-2997\" alt=\"\" srcset=\"https:\/\/gold-silber-boerse.de\/wp-content\/uploads\/2024\/10\/paypal.png 730w, https:\/\/gold-silber-boerse.de\/wp-content\/uploads\/2024\/10\/paypal-300x82.png 300w, https:\/\/gold-silber-boerse.de\/wp-content\/uploads\/2024\/10\/paypal-600x164.png 600w\" sizes=\"(max-width: 730px) 100vw, 730px\" title=\"\" \/>\t\t\t\t\t\t\t\t\t\t\t\t\t<\/div>\n\t\t\t\t<\/div>\n\t\t\t\t\t<\/div>\n\t\t<\/div>\n\t\t\t\t<div class=\"elementor-column elementor-col-14 elementor-inner-column elementor-element elementor-element-962c6ac\" data-id=\"962c6ac\" data-element_type=\"column\">\n\t\t\t<div class=\"elementor-widget-wrap elementor-element-populated\">\n\t\t\t\t\t\t<div class=\"elementor-element elementor-element-e6116d1 elementor-widget elementor-widget-image\" data-id=\"e6116d1\" data-element_type=\"widget\" data-widget_type=\"image.default\">\n\t\t\t\t<div class=\"elementor-widget-container\">\n\t\t\t\t\t\t\t\t\t\t\t\t\t<img loading=\"lazy\" decoding=\"async\" width=\"1000\" height=\"400\" src=\"https:\/\/gold-silber-boerse.de\/wp-content\/uploads\/2024\/10\/paynow.jpg\" class=\"attachment-large size-large wp-image-3043\" alt=\"\" srcset=\"https:\/\/gold-silber-boerse.de\/wp-content\/uploads\/2024\/10\/paynow.jpg 1000w, https:\/\/gold-silber-boerse.de\/wp-content\/uploads\/2024\/10\/paynow-300x120.jpg 300w, https:\/\/gold-silber-boerse.de\/wp-content\/uploads\/2024\/10\/paynow-768x307.jpg 768w, https:\/\/gold-silber-boerse.de\/wp-content\/uploads\/2024\/10\/paynow-870x348.jpg 870w, https:\/\/gold-silber-boerse.de\/wp-content\/uploads\/2024\/10\/paynow-600x240.jpg 600w\" sizes=\"(max-width: 1000px) 100vw, 1000px\" title=\"\" \/>\t\t\t\t\t\t\t\t\t\t\t\t\t<\/div>\n\t\t\t\t<\/div>\n\t\t\t\t\t<\/div>\n\t\t<\/div>\n\t\t\t\t\t<\/div>\n\t\t<\/section>\n\t\t\t\t\t<\/div>\n\t\t<\/div>\n\t\t\t\t\t<\/div>\n\t\t<\/section>\n\t\t\t\t<\/div>\n\t\t","protected":false},"excerpt":{"rendered":"<p>\u041f\u0420\u0410\u0419\u0421-\u041b\u0418\u0421\u0422 \u041f\u0440\u0435\u0434\u043b\u0430\u0433\u0430\u0435\u043c \u0412\u0430\u043c \u0440\u0435\u043a\u043b\u0430\u043c\u043d\u044b\u0439 \u043f\u043e\u0440\u0442\u0430\u043b \u00abgold-silber-boerse.de\u00bb. \u041f\u043e\u043b\u043d\u043e\u0441\u0442\u044c\u044e \u043f\u0440\u043e\u0444\u0435\u0441\u0441\u0438\u043e\u043d\u0430\u043b\u044c\u043d\u044b\u0439 \u043f\u043e\u0440\u0442\u0430\u043b \u0434\u043b\u044f \u043b\u044e\u0434\u0435\u0439, \u043a\u043e\u0442\u043e\u0440\u044b\u0435 \u0445\u043e\u0442\u044f\u0442 \u043a\u0443\u043f\u0438\u0442\u044c \u0438\u043b\u0438 \u043f\u0440\u043e\u0434\u0430\u0442\u044c \u0437\u043e\u043b\u043e\u0442\u043e \u0438\u043b\u0438 \u0441\u0435\u0440\u0435\u0431\u0440\u043e. \u041f\u043b\u0430\u0442\u0430 \u0437\u0430 \u0440\u0430\u0437\u043c\u0435\u0449\u0435\u043d\u0438\u0435 \u043e\u0431\u044a\u044f\u0432\u043b\u0435\u043d\u0438\u044f: 6,99 \u0435\u0432\u0440\u043e \u0431\u0435\u0437 \u0443\u0447\u0435\u0442\u0430 \u0441\u0440\u043e\u043a\u0430. \u041f\u043b\u0430\u0442\u0430 \u0437\u0430 \u043f\u0440\u0435\u0434\u043e\u0441\u0442\u0430\u0432\u043b\u0435\u043d\u0438\u0435 \u043a\u043e\u043d\u0442\u0430\u043a\u0442\u043d\u043e\u0439 \u0438\u043d\u0444\u043e\u0440\u043c\u0430\u0446\u0438\u0438 \u043f\u0440\u043e\u0434\u0430\u0432\u0446\u0443 \u0438\u043b\u0438 \u043f\u043e\u043a\u0443\u043f\u0430\u0442\u0435\u043b\u044e: 1 \u0435\u0432\u0440\u043e.<\/p>\n","protected":false},"author":1,"featured_media":0,"parent":0,"menu_order":0,"comment_status":"closed","ping_status":"closed","template":"","meta":{"_rtcl_gb_attr":"","inline_featured_image":false,"footnotes":""},"class_list":["post-540","page","type-page","status-publish","hentry"],"yoast_head":"<!-- This site is optimized with the Yoast SEO plugin v23.3 - https:\/\/yoast.com\/wordpress\/plugins\/seo\/ -->\n<title>\u041f\u0440\u0430\u0439\u0441-\u043b\u0438\u0441\u0442 - Gold Silber Boerse<\/title>\n<meta name=\"robots\" content=\"index, follow, max-snippet:-1, max-image-preview:large, max-video-preview:-1\" \/>\n<link rel=\"canonical\" href=\"https:\/\/gold-silber-boerse.de\/die-preisliste\/\" \/>\n<meta property=\"og:locale\" content=\"ru_RU\" \/>\n<meta property=\"og:type\" content=\"article\" \/>\n<meta property=\"og:title\" content=\"\u041f\u0440\u0430\u0439\u0441-\u043b\u0438\u0441\u0442 - Gold Silber Boerse\" \/>\n<meta property=\"og:description\" content=\"\u041f\u0420\u0410\u0419\u0421-\u041b\u0418\u0421\u0422 \u041f\u0440\u0435\u0434\u043b\u0430\u0433\u0430\u0435\u043c \u0412\u0430\u043c \u0440\u0435\u043a\u043b\u0430\u043c\u043d\u044b\u0439 \u043f\u043e\u0440\u0442\u0430\u043b \u00abgold-silber-boerse.de\u00bb. \u041f\u043e\u043b\u043d\u043e\u0441\u0442\u044c\u044e \u043f\u0440\u043e\u0444\u0435\u0441\u0441\u0438\u043e\u043d\u0430\u043b\u044c\u043d\u044b\u0439 \u043f\u043e\u0440\u0442\u0430\u043b \u0434\u043b\u044f \u043b\u044e\u0434\u0435\u0439, \u043a\u043e\u0442\u043e\u0440\u044b\u0435 \u0445\u043e\u0442\u044f\u0442 \u043a\u0443\u043f\u0438\u0442\u044c \u0438\u043b\u0438 \u043f\u0440\u043e\u0434\u0430\u0442\u044c \u0437\u043e\u043b\u043e\u0442\u043e \u0438\u043b\u0438 \u0441\u0435\u0440\u0435\u0431\u0440\u043e. \u041f\u043b\u0430\u0442\u0430 \u0437\u0430 \u0440\u0430\u0437\u043c\u0435\u0449\u0435\u043d\u0438\u0435 \u043e\u0431\u044a\u044f\u0432\u043b\u0435\u043d\u0438\u044f: 6,99 \u0435\u0432\u0440\u043e \u0431\u0435\u0437 \u0443\u0447\u0435\u0442\u0430 \u0441\u0440\u043e\u043a\u0430. \u041f\u043b\u0430\u0442\u0430 \u0437\u0430 \u043f\u0440\u0435\u0434\u043e\u0441\u0442\u0430\u0432\u043b\u0435\u043d\u0438\u0435 \u043a\u043e\u043d\u0442\u0430\u043a\u0442\u043d\u043e\u0439 \u0438\u043d\u0444\u043e\u0440\u043c\u0430\u0446\u0438\u0438 \u043f\u0440\u043e\u0434\u0430\u0432\u0446\u0443 \u0438\u043b\u0438 \u043f\u043e\u043a\u0443\u043f\u0430\u0442\u0435\u043b\u044e: 1 \u0435\u0432\u0440\u043e.\" \/>\n<meta property=\"og:url\" content=\"https:\/\/gold-silber-boerse.de\/die-preisliste\/\" \/>\n<meta property=\"og:site_name\" content=\"Gold Silber Boerse\" \/>\n<meta property=\"article:modified_time\" content=\"2025-03-25T16:21:07+00:00\" \/>\n<meta property=\"og:image\" content=\"https:\/\/gold-silber-boerse.de\/wp-content\/uploads\/2024\/10\/gpay-1.png\" \/>\n<meta name=\"twitter:card\" content=\"summary_large_image\" \/>\n<meta name=\"twitter:label1\" content=\"\u041f\u0440\u0438\u043c\u0435\u0440\u043d\u043e\u0435 \u0432\u0440\u0435\u043c\u044f \u0434\u043b\u044f \u0447\u0442\u0435\u043d\u0438\u044f\" \/>\n\t<meta name=\"twitter:data1\" content=\"2 \u043c\u0438\u043d\u0443\u0442\u044b\" \/>\n<script type=\"application\/ld+json\" class=\"yoast-schema-graph\">{\"@context\":\"https:\/\/schema.org\",\"@graph\":[{\"@type\":\"WebPage\",\"@id\":\"https:\/\/gold-silber-boerse.de\/die-preisliste\/\",\"url\":\"https:\/\/gold-silber-boerse.de\/die-preisliste\/\",\"name\":\"\u041f\u0440\u0430\u0439\u0441-\u043b\u0438\u0441\u0442 - Gold Silber Boerse\",\"isPartOf\":{\"@id\":\"https:\/\/gold-silber-boerse.de\/#website\"},\"primaryImageOfPage\":{\"@id\":\"https:\/\/gold-silber-boerse.de\/die-preisliste\/#primaryimage\"},\"image\":{\"@id\":\"https:\/\/gold-silber-boerse.de\/die-preisliste\/#primaryimage\"},\"thumbnailUrl\":\"https:\/\/gold-silber-boerse.de\/wp-content\/uploads\/2024\/10\/gpay-1.png\",\"datePublished\":\"2024-06-18T12:17:45+00:00\",\"dateModified\":\"2025-03-25T16:21:07+00:00\",\"breadcrumb\":{\"@id\":\"https:\/\/gold-silber-boerse.de\/die-preisliste\/#breadcrumb\"},\"inLanguage\":\"ru-RU\",\"potentialAction\":[{\"@type\":\"ReadAction\",\"target\":[\"https:\/\/gold-silber-boerse.de\/die-preisliste\/\"]}]},{\"@type\":\"ImageObject\",\"inLanguage\":\"ru-RU\",\"@id\":\"https:\/\/gold-silber-boerse.de\/die-preisliste\/#primaryimage\",\"url\":\"https:\/\/gold-silber-boerse.de\/wp-content\/uploads\/2024\/10\/gpay-1.png\",\"contentUrl\":\"https:\/\/gold-silber-boerse.de\/wp-content\/uploads\/2024\/10\/gpay-1.png\"},{\"@type\":\"BreadcrumbList\",\"@id\":\"https:\/\/gold-silber-boerse.de\/die-preisliste\/#breadcrumb\",\"itemListElement\":[{\"@type\":\"ListItem\",\"position\":1,\"name\":\"Strona g\u0142\u00f3wna\",\"item\":\"https:\/\/gold-silber-boerse.de\/\"},{\"@type\":\"ListItem\",\"position\":2,\"name\":\"\u041f\u0440\u0430\u0439\u0441-\u043b\u0438\u0441\u0442\"}]},{\"@type\":\"WebSite\",\"@id\":\"https:\/\/gold-silber-boerse.de\/#website\",\"url\":\"https:\/\/gold-silber-boerse.de\/\",\"name\":\"Gold Silber Boerse\",\"description\":\"Na naszej stronie internetowej mo\u017cesz kupi\u0107 lub sprzeda\u0107 z\u0142oto i srebro w postaci monet lub sztabek.\",\"potentialAction\":[{\"@type\":\"SearchAction\",\"target\":{\"@type\":\"EntryPoint\",\"urlTemplate\":\"https:\/\/gold-silber-boerse.de\/?s={search_term_string}\"},\"query-input\":\"required name=search_term_string\"}],\"inLanguage\":\"ru-RU\"}]}<\/script>\n<!-- \/ Yoast SEO plugin. -->","yoast_head_json":{"title":"\u041f\u0440\u0430\u0439\u0441-\u043b\u0438\u0441\u0442 - Gold Silber Boerse","robots":{"index":"index","follow":"follow","max-snippet":"max-snippet:-1","max-image-preview":"max-image-preview:large","max-video-preview":"max-video-preview:-1"},"canonical":"https:\/\/gold-silber-boerse.de\/die-preisliste\/","og_locale":"ru_RU","og_type":"article","og_title":"\u041f\u0440\u0430\u0439\u0441-\u043b\u0438\u0441\u0442 - Gold Silber Boerse","og_description":"\u041f\u0420\u0410\u0419\u0421-\u041b\u0418\u0421\u0422 \u041f\u0440\u0435\u0434\u043b\u0430\u0433\u0430\u0435\u043c \u0412\u0430\u043c \u0440\u0435\u043a\u043b\u0430\u043c\u043d\u044b\u0439 \u043f\u043e\u0440\u0442\u0430\u043b \u00abgold-silber-boerse.de\u00bb. \u041f\u043e\u043b\u043d\u043e\u0441\u0442\u044c\u044e \u043f\u0440\u043e\u0444\u0435\u0441\u0441\u0438\u043e\u043d\u0430\u043b\u044c\u043d\u044b\u0439 \u043f\u043e\u0440\u0442\u0430\u043b \u0434\u043b\u044f \u043b\u044e\u0434\u0435\u0439, \u043a\u043e\u0442\u043e\u0440\u044b\u0435 \u0445\u043e\u0442\u044f\u0442 \u043a\u0443\u043f\u0438\u0442\u044c \u0438\u043b\u0438 \u043f\u0440\u043e\u0434\u0430\u0442\u044c \u0437\u043e\u043b\u043e\u0442\u043e \u0438\u043b\u0438 \u0441\u0435\u0440\u0435\u0431\u0440\u043e. \u041f\u043b\u0430\u0442\u0430 \u0437\u0430 \u0440\u0430\u0437\u043c\u0435\u0449\u0435\u043d\u0438\u0435 \u043e\u0431\u044a\u044f\u0432\u043b\u0435\u043d\u0438\u044f: 6,99 \u0435\u0432\u0440\u043e \u0431\u0435\u0437 \u0443\u0447\u0435\u0442\u0430 \u0441\u0440\u043e\u043a\u0430. \u041f\u043b\u0430\u0442\u0430 \u0437\u0430 \u043f\u0440\u0435\u0434\u043e\u0441\u0442\u0430\u0432\u043b\u0435\u043d\u0438\u0435 \u043a\u043e\u043d\u0442\u0430\u043a\u0442\u043d\u043e\u0439 \u0438\u043d\u0444\u043e\u0440\u043c\u0430\u0446\u0438\u0438 \u043f\u0440\u043e\u0434\u0430\u0432\u0446\u0443 \u0438\u043b\u0438 \u043f\u043e\u043a\u0443\u043f\u0430\u0442\u0435\u043b\u044e: 1 \u0435\u0432\u0440\u043e.","og_url":"https:\/\/gold-silber-boerse.de\/die-preisliste\/","og_site_name":"Gold Silber Boerse","article_modified_time":"2025-03-25T16:21:07+00:00","og_image":[{"url":"https:\/\/gold-silber-boerse.de\/wp-content\/uploads\/2024\/10\/gpay-1.png"}],"twitter_card":"summary_large_image","twitter_misc":{"\u041f\u0440\u0438\u043c\u0435\u0440\u043d\u043e\u0435 \u0432\u0440\u0435\u043c\u044f \u0434\u043b\u044f \u0447\u0442\u0435\u043d\u0438\u044f":"2 \u043c\u0438\u043d\u0443\u0442\u044b"},"schema":{"@context":"https:\/\/schema.org","@graph":[{"@type":"WebPage","@id":"https:\/\/gold-silber-boerse.de\/die-preisliste\/","url":"https:\/\/gold-silber-boerse.de\/die-preisliste\/","name":"\u041f\u0440\u0430\u0439\u0441-\u043b\u0438\u0441\u0442 - Gold Silber Boerse","isPartOf":{"@id":"https:\/\/gold-silber-boerse.de\/#website"},"primaryImageOfPage":{"@id":"https:\/\/gold-silber-boerse.de\/die-preisliste\/#primaryimage"},"image":{"@id":"https:\/\/gold-silber-boerse.de\/die-preisliste\/#primaryimage"},"thumbnailUrl":"https:\/\/gold-silber-boerse.de\/wp-content\/uploads\/2024\/10\/gpay-1.png","datePublished":"2024-06-18T12:17:45+00:00","dateModified":"2025-03-25T16:21:07+00:00","breadcrumb":{"@id":"https:\/\/gold-silber-boerse.de\/die-preisliste\/#breadcrumb"},"inLanguage":"ru-RU","potentialAction":[{"@type":"ReadAction","target":["https:\/\/gold-silber-boerse.de\/die-preisliste\/"]}]},{"@type":"ImageObject","inLanguage":"ru-RU","@id":"https:\/\/gold-silber-boerse.de\/die-preisliste\/#primaryimage","url":"https:\/\/gold-silber-boerse.de\/wp-content\/uploads\/2024\/10\/gpay-1.png","contentUrl":"https:\/\/gold-silber-boerse.de\/wp-content\/uploads\/2024\/10\/gpay-1.png"},{"@type":"BreadcrumbList","@id":"https:\/\/gold-silber-boerse.de\/die-preisliste\/#breadcrumb","itemListElement":[{"@type":"ListItem","position":1,"name":"Strona g\u0142\u00f3wna","item":"https:\/\/gold-silber-boerse.de\/"},{"@type":"ListItem","position":2,"name":"\u041f\u0440\u0430\u0439\u0441-\u043b\u0438\u0441\u0442"}]},{"@type":"WebSite","@id":"https:\/\/gold-silber-boerse.de\/#website","url":"https:\/\/gold-silber-boerse.de\/","name":"Gold Silber Boerse","description":"Na naszej stronie internetowej mo\u017cesz kupi\u0107 lub sprzeda\u0107 z\u0142oto i srebro w postaci monet lub sztabek.","potentialAction":[{"@type":"SearchAction","target":{"@type":"EntryPoint","urlTemplate":"https:\/\/gold-silber-boerse.de\/?s={search_term_string}"},"query-input":"required name=search_term_string"}],"inLanguage":"ru-RU"}]}},"_links":{"self":[{"href":"https:\/\/gold-silber-boerse.de\/ru\/wp-json\/wp\/v2\/pages\/540"}],"collection":[{"href":"https:\/\/gold-silber-boerse.de\/ru\/wp-json\/wp\/v2\/pages"}],"about":[{"href":"https:\/\/gold-silber-boerse.de\/ru\/wp-json\/wp\/v2\/types\/page"}],"author":[{"embeddable":true,"href":"https:\/\/gold-silber-boerse.de\/ru\/wp-json\/wp\/v2\/users\/1"}],"replies":[{"embeddable":true,"href":"https:\/\/gold-silber-boerse.de\/ru\/wp-json\/wp\/v2\/comments?post=540"}],"version-history":[{"count":9,"href":"https:\/\/gold-silber-boerse.de\/ru\/wp-json\/wp\/v2\/pages\/540\/revisions"}],"predecessor-version":[{"id":4872,"href":"https:\/\/gold-silber-boerse.de\/ru\/wp-json\/wp\/v2\/pages\/540\/revisions\/4872"}],"wp:attachment":[{"href":"https:\/\/gold-silber-boerse.de\/ru\/wp-json\/wp\/v2\/media?parent=540"}],"curies":[{"name":"wp","href":"https:\/\/api.w.org\/{rel}","templated":true}]}}