{"id":4437,"date":"2025-01-24T12:26:35","date_gmt":"2025-01-24T11:26:35","guid":{"rendered":"https:\/\/gold-silber-boerse.de\/impressum\/"},"modified":"2025-01-24T12:40:46","modified_gmt":"2025-01-24T11:40:46","slug":"impressum","status":"publish","type":"page","link":"https:\/\/gold-silber-boerse.de\/tr\/impressum\/","title":{"rendered":"Impressum"},"content":{"rendered":"\t\t<div data-elementor-type=\"wp-page\" data-elementor-id=\"4437\" class=\"elementor elementor-4437 elementor-4430\" data-elementor-post-type=\"page\">\n\t\t\t\t\t\t<section class=\"elementor-section elementor-top-section elementor-element elementor-element-6e525b6 elementor-section-boxed elementor-section-height-default elementor-section-height-default\" data-id=\"6e525b6\" data-element_type=\"section\">\n\t\t\t\t\t\t<div class=\"elementor-container elementor-column-gap-default\">\n\t\t\t\t\t<div class=\"elementor-column elementor-col-100 elementor-top-column elementor-element elementor-element-1696ecd\" data-id=\"1696ecd\" data-element_type=\"column\">\n\t\t\t<div class=\"elementor-widget-wrap elementor-element-populated\">\n\t\t\t\t\t\t<div class=\"elementor-element elementor-element-1604cbc elementor-widget elementor-widget-text-editor\" data-id=\"1604cbc\" data-element_type=\"widget\" data-widget_type=\"text-editor.default\">\n\t\t\t\t<div class=\"elementor-widget-container\">\n\t\t\t\t\t\t\t<h1 style=\"font-weight: 400;\"><strong>Impressum<\/strong><\/h1>\n<p style=\"font-weight: 400;\">\u00a0<\/p>\n<p style=\"font-weight: 400;\"><strong>Inhaltlich verantwortlich f\u00fcr diese Website:<\/strong><\/p>\n<p style=\"font-weight: 400;\"><strong>Angaben gem\u00e4\u00df \u00a7 5 TMG:<\/strong><\/p>\n<p style=\"font-weight: 400;\">\u00a0<\/p>\n<p style=\"font-weight: 400;\">Przemyslaw Pluciennik \u2013 Prokurist<\/p>\n<p style=\"font-weight: 400;\">KinGin Sp. z o.o.<\/p>\n<p style=\"font-weight: 400;\">Skarszew 73<\/p>\n<p style=\"font-weight: 400;\">62 \u2013 817 \u017belazk\u00f3w, Polen<\/p>\n<p style=\"font-weight: 400;\">KRS: 0001107339<\/p>\n<p style=\"font-weight: 400;\">NIP: EU9681012309<\/p>\n<p style=\"font-weight: 400;\">REGON: 528713033<\/p>\n<p style=\"font-weight: 400;\"><strong>Finanzamt Oranienburg: 053\/SO13\/WV-40\/24<\/strong><\/p>\n<p style=\"font-weight: 400;\">\u00a0<\/p>\n<p style=\"font-weight: 400;\"><strong>Bankkonto:<\/strong><\/p>\n<p style=\"font-weight: 400;\">EUR: PL51 1140 2004 0000 3812 2239 6739<\/p>\n<p style=\"font-weight: 400;\">PLN: PL40 1140 2004 0000 3102 8486 3956<\/p>\n<p style=\"font-weight: 400;\">\u00a0<\/p>\n<p style=\"font-weight: 400;\"><strong>Kontakt:<\/strong><\/p>\n<p style=\"font-weight: 400;\"><strong>E-Mail:\u00a0<\/strong><a href=\"mailto:kontakt@gold-silber-boerse.de\"><strong>kontakt@gold-silber-boerse.de<\/strong><\/a><\/p>\n<p style=\"font-weight: 400;\">\u00a0<\/p>\n<p style=\"font-weight: 400;\"><strong>Streitschlichtung<\/strong><\/p>\n<p style=\"font-weight: 400;\">Die Europ\u00e4ische Kommission stellt eine Plattform zur Online-Streitbeilegung (OS) bereit:\u00a0<a href=\"https:\/\/ec.europa.eu\/consumers\/odr\">https:\/\/ec.europa.eu\/consumers\/odr<\/a>.<\/p>\n<p style=\"font-weight: 400;\">Unsere E-Mail-Adresse finden Sie oben im Impressum.<\/p>\n<p style=\"font-weight: 400;\">Wir sind nicht bereit oder verpflichtet, an Streitbeilegungsverfahren vor einer Verbraucherschlichtungsstelle teilzunehmen.<\/p>\n<p style=\"font-weight: 400;\">\u00a0<\/p>\n<p style=\"font-weight: 400;\">\u00a0<\/p>\n<p style=\"font-weight: 400;\">\u00a0<\/p>\n<p style=\"font-weight: 400;\"><strong>Haftung f\u00fcr Inhalte<\/strong><\/p>\n<p style=\"font-weight: 400;\">Als Diensteanbieter sind wir gem\u00e4\u00df \u00a7 7 Abs.1 TMG f\u00fcr eigene Inhalte auf diesen Seiten nach den allgemeinen Gesetzen verantwortlich. Nach \u00a7\u00a7 8 bis 10 TMG sind wir als Diensteanbieter jedoch nicht verpflichtet, \u00fcbermittelte oder gespeicherte fremde Informationen zu \u00fcberwachen oder nach Umst\u00e4nden zu forschen, die auf eine rechtswidrige T\u00e4tigkeit hinweisen.<\/p>\n<p style=\"font-weight: 400;\">Verpflichtungen zur Entfernung oder Sperrung der Nutzung von Informationen nach den allgemeinen Gesetzen bleiben hiervon unber\u00fchrt. Eine diesbez\u00fcgliche Haftung ist jedoch erst ab dem Zeitpunkt der Kenntnis einer konkreten Rechtsverletzung m\u00f6glich. Bei Bekanntwerden von entsprechenden Rechtsverletzungen werden wir diese Inhalte umgehend entfernen.<\/p>\n<p style=\"font-weight: 400;\">\u00a0<\/p>\n<p style=\"font-weight: 400;\"><strong>Haftung f\u00fcr Links<\/strong><\/p>\n<p style=\"font-weight: 400;\">Unser Angebot enth\u00e4lt Links zu externen Websites Dritter, auf deren Inhalte wir keinen Einfluss haben. Deshalb k\u00f6nnen wir f\u00fcr diese fremden Inhalte auch keine Gew\u00e4hr \u00fcbernehmen. F\u00fcr die Inhalte der verlinkten Seiten ist stets der jeweilige Anbieter oder Betreiber der Seiten verantwortlich. Die verlinkten Seiten wurden zum Zeitpunkt der Verlinkung auf m\u00f6gliche Rechtsverst\u00f6\u00dfe \u00fcberpr\u00fcft. Rechtswidrige Inhalte waren zum Zeitpunkt der Verlinkung nicht erkennbar.<\/p>\n<p style=\"font-weight: 400;\">Eine permanente inhaltliche Kontrolle der verlinkten Seiten ist jedoch ohne konkrete Anhaltspunkte einer Rechtsverletzung nicht zumutbar. Bei Bekanntwerden von Rechtsverletzungen werden wir derartige Links umgehend entfernen.<\/p>\n<p style=\"font-weight: 400;\">\u00a0<\/p>\n<p style=\"font-weight: 400;\"><strong>Urheberrecht<\/strong><\/p>\n<p style=\"font-weight: 400;\">Die durch die Seitenbetreiber erstellten Inhalte und Werke auf diesen Seiten unterliegen dem deutschen und polnischen Urheberrecht. Die Vervielf\u00e4ltigung, Bearbeitung, Verbreitung und jede Art der Verwertung au\u00dferhalb der Grenzen des Urheberrechtes bed\u00fcrfen der schriftlichen Zustimmung des jeweiligen Autors bzw. Erstellers. Downloads und Kopien dieser Seite sind nur f\u00fcr den privaten, nicht kommerziellen Gebrauch gestattet.<\/p>\n<p style=\"font-weight: 400;\">Soweit die Inhalte auf dieser Seite nicht vom Betreiber erstellt wurden, werden die Urheberrechte Dritter beachtet. Insbesondere werden Inhalte Dritter als solche gekennzeichnet. Sollten Sie trotzdem auf eine Urheberrechtsverletzung aufmerksam werden, bitten wir um einen entsprechenden Hinweis. Bei Bekanntwerden von Rechtsverletzungen werden wir derartige Inhalte umgehend entfernen.<\/p>\n<p style=\"font-weight: 400;\">\u00a0<\/p>\n<p style=\"font-weight: 400;\">Die Fotos, die unser Unternehmen auf der Website ver\u00f6ffentlicht, stammen von Canva:\u00a0<a href=\"http:\/\/www.canva.com\">www.canva.com<\/a><\/p>\n\t\t\t\t\t\t<\/div>\n\t\t\t\t<\/div>\n\t\t\t\t\t<\/div>\n\t\t<\/div>\n\t\t\t\t\t<\/div>\n\t\t<\/section>\n\t\t\t\t<\/div>\n\t\t","protected":false},"excerpt":{"rendered":"<p>Impressum \u00a0 Inhaltlich verantwortlich f\u00fcr diese Website: Angaben gem\u00e4\u00df \u00a7 5 TMG: \u00a0 Przemyslaw Pluciennik \u2013 Prokurist KinGin Sp. z o.o. Skarszew 73 62 \u2013 817 \u017belazk\u00f3w, Polen KRS: 0001107339 NIP: EU9681012309 REGON: 528713033 Finanzamt Oranienburg: 053\/SO13\/WV-40\/24 \u00a0 Bankkonto: EUR: PL51 1140 2004 0000 3812 2239 6739 PLN: PL40 1140 2004 0000 3102 8486 3956<\/p>\n","protected":false},"author":1,"featured_media":0,"parent":0,"menu_order":0,"comment_status":"closed","ping_status":"closed","template":"","meta":{"_rtcl_gb_attr":"","inline_featured_image":false,"footnotes":""},"class_list":["post-4437","page","type-page","status-publish","hentry"],"yoast_head":"<!-- This site is optimized with the Yoast SEO plugin v23.3 - https:\/\/yoast.com\/wordpress\/plugins\/seo\/ -->\n<title>Impressum - Gold Silber Boerse<\/title>\n<meta name=\"robots\" content=\"index, follow, max-snippet:-1, max-image-preview:large, max-video-preview:-1\" \/>\n<link rel=\"canonical\" href=\"https:\/\/gold-silber-boerse.de\/impressum\/\" \/>\n<meta property=\"og:locale\" content=\"tr_TR\" \/>\n<meta property=\"og:type\" content=\"article\" \/>\n<meta property=\"og:title\" content=\"Impressum - Gold Silber Boerse\" \/>\n<meta property=\"og:description\" content=\"Impressum \u00a0 Inhaltlich verantwortlich f\u00fcr diese Website: Angaben gem\u00e4\u00df \u00a7 5 TMG: \u00a0 Przemyslaw Pluciennik \u2013 Prokurist KinGin Sp. z o.o. Skarszew 73 62 \u2013 817 \u017belazk\u00f3w, Polen KRS: 0001107339 NIP: EU9681012309 REGON: 528713033 Finanzamt Oranienburg: 053\/SO13\/WV-40\/24 \u00a0 Bankkonto: EUR: PL51 1140 2004 0000 3812 2239 6739 PLN: PL40 1140 2004 0000 3102 8486 3956\" \/>\n<meta property=\"og:url\" content=\"https:\/\/gold-silber-boerse.de\/impressum\/\" \/>\n<meta property=\"og:site_name\" content=\"Gold Silber Boerse\" \/>\n<meta property=\"article:modified_time\" content=\"2025-01-24T11:40:46+00:00\" \/>\n<meta name=\"twitter:card\" content=\"summary_large_image\" \/>\n<meta name=\"twitter:label1\" content=\"Tahmini okuma s\u00fcresi\" \/>\n\t<meta name=\"twitter:data1\" content=\"2 dakika\" \/>\n<script type=\"application\/ld+json\" class=\"yoast-schema-graph\">{\"@context\":\"https:\/\/schema.org\",\"@graph\":[{\"@type\":\"WebPage\",\"@id\":\"https:\/\/gold-silber-boerse.de\/impressum\/\",\"url\":\"https:\/\/gold-silber-boerse.de\/impressum\/\",\"name\":\"Impressum - Gold Silber Boerse\",\"isPartOf\":{\"@id\":\"https:\/\/gold-silber-boerse.de\/#website\"},\"datePublished\":\"2025-01-24T11:26:35+00:00\",\"dateModified\":\"2025-01-24T11:40:46+00:00\",\"breadcrumb\":{\"@id\":\"https:\/\/gold-silber-boerse.de\/impressum\/#breadcrumb\"},\"inLanguage\":\"tr\",\"potentialAction\":[{\"@type\":\"ReadAction\",\"target\":[\"https:\/\/gold-silber-boerse.de\/impressum\/\"]}]},{\"@type\":\"BreadcrumbList\",\"@id\":\"https:\/\/gold-silber-boerse.de\/impressum\/#breadcrumb\",\"itemListElement\":[{\"@type\":\"ListItem\",\"position\":1,\"name\":\"Strona g\u0142\u00f3wna\",\"item\":\"https:\/\/gold-silber-boerse.de\/\"},{\"@type\":\"ListItem\",\"position\":2,\"name\":\"Impressum\"}]},{\"@type\":\"WebSite\",\"@id\":\"https:\/\/gold-silber-boerse.de\/#website\",\"url\":\"https:\/\/gold-silber-boerse.de\/\",\"name\":\"Gold Silber Boerse\",\"description\":\"Na naszej stronie internetowej mo\u017cesz kupi\u0107 lub sprzeda\u0107 z\u0142oto i srebro w postaci monet lub sztabek.\",\"potentialAction\":[{\"@type\":\"SearchAction\",\"target\":{\"@type\":\"EntryPoint\",\"urlTemplate\":\"https:\/\/gold-silber-boerse.de\/?s={search_term_string}\"},\"query-input\":\"required name=search_term_string\"}],\"inLanguage\":\"tr\"}]}<\/script>\n<!-- \/ Yoast SEO plugin. -->","yoast_head_json":{"title":"Impressum - Gold Silber Boerse","robots":{"index":"index","follow":"follow","max-snippet":"max-snippet:-1","max-image-preview":"max-image-preview:large","max-video-preview":"max-video-preview:-1"},"canonical":"https:\/\/gold-silber-boerse.de\/impressum\/","og_locale":"tr_TR","og_type":"article","og_title":"Impressum - Gold Silber Boerse","og_description":"Impressum \u00a0 Inhaltlich verantwortlich f\u00fcr diese Website: Angaben gem\u00e4\u00df \u00a7 5 TMG: \u00a0 Przemyslaw Pluciennik \u2013 Prokurist KinGin Sp. z o.o. Skarszew 73 62 \u2013 817 \u017belazk\u00f3w, Polen KRS: 0001107339 NIP: EU9681012309 REGON: 528713033 Finanzamt Oranienburg: 053\/SO13\/WV-40\/24 \u00a0 Bankkonto: EUR: PL51 1140 2004 0000 3812 2239 6739 PLN: PL40 1140 2004 0000 3102 8486 3956","og_url":"https:\/\/gold-silber-boerse.de\/impressum\/","og_site_name":"Gold Silber Boerse","article_modified_time":"2025-01-24T11:40:46+00:00","twitter_card":"summary_large_image","twitter_misc":{"Tahmini okuma s\u00fcresi":"2 dakika"},"schema":{"@context":"https:\/\/schema.org","@graph":[{"@type":"WebPage","@id":"https:\/\/gold-silber-boerse.de\/impressum\/","url":"https:\/\/gold-silber-boerse.de\/impressum\/","name":"Impressum - Gold Silber Boerse","isPartOf":{"@id":"https:\/\/gold-silber-boerse.de\/#website"},"datePublished":"2025-01-24T11:26:35+00:00","dateModified":"2025-01-24T11:40:46+00:00","breadcrumb":{"@id":"https:\/\/gold-silber-boerse.de\/impressum\/#breadcrumb"},"inLanguage":"tr","potentialAction":[{"@type":"ReadAction","target":["https:\/\/gold-silber-boerse.de\/impressum\/"]}]},{"@type":"BreadcrumbList","@id":"https:\/\/gold-silber-boerse.de\/impressum\/#breadcrumb","itemListElement":[{"@type":"ListItem","position":1,"name":"Strona g\u0142\u00f3wna","item":"https:\/\/gold-silber-boerse.de\/"},{"@type":"ListItem","position":2,"name":"Impressum"}]},{"@type":"WebSite","@id":"https:\/\/gold-silber-boerse.de\/#website","url":"https:\/\/gold-silber-boerse.de\/","name":"Gold Silber Boerse","description":"Na naszej stronie internetowej mo\u017cesz kupi\u0107 lub sprzeda\u0107 z\u0142oto i srebro w postaci monet lub sztabek.","potentialAction":[{"@type":"SearchAction","target":{"@type":"EntryPoint","urlTemplate":"https:\/\/gold-silber-boerse.de\/?s={search_term_string}"},"query-input":"required name=search_term_string"}],"inLanguage":"tr"}]}},"_links":{"self":[{"href":"https:\/\/gold-silber-boerse.de\/tr\/wp-json\/wp\/v2\/pages\/4437"}],"collection":[{"href":"https:\/\/gold-silber-boerse.de\/tr\/wp-json\/wp\/v2\/pages"}],"about":[{"href":"https:\/\/gold-silber-boerse.de\/tr\/wp-json\/wp\/v2\/types\/page"}],"author":[{"embeddable":true,"href":"https:\/\/gold-silber-boerse.de\/tr\/wp-json\/wp\/v2\/users\/1"}],"replies":[{"embeddable":true,"href":"https:\/\/gold-silber-boerse.de\/tr\/wp-json\/wp\/v2\/comments?post=4437"}],"version-history":[{"count":3,"href":"https:\/\/gold-silber-boerse.de\/tr\/wp-json\/wp\/v2\/pages\/4437\/revisions"}],"predecessor-version":[{"id":4440,"href":"https:\/\/gold-silber-boerse.de\/tr\/wp-json\/wp\/v2\/pages\/4437\/revisions\/4440"}],"wp:attachment":[{"href":"https:\/\/gold-silber-boerse.de\/tr\/wp-json\/wp\/v2\/media?parent=4437"}],"curies":[{"name":"wp","href":"https:\/\/api.w.org\/{rel}","templated":true}]}}