{"id":533,"date":"2024-06-17T17:27:51","date_gmt":"2024-06-17T15:27:51","guid":{"rendered":"https:\/\/10.demooo.pl\/benim-hesabim\/"},"modified":"2024-06-17T17:27:51","modified_gmt":"2024-06-17T15:27:51","slug":"benim-hesabim","status":"publish","type":"page","link":"https:\/\/gold-silber-boerse.de\/tr\/benim-hesabim\/","title":{"rendered":"Benim hesab\u0131m"},"content":{"rendered":"<div class=\"rtcl\">\n<div id=\"rtcl-user-login-wrapper\" class=\"have-registration-form\">\n    \n\t\t\n\t<div class=\"rtcl-login-form-wrap\">\n        <h2>Giri\u015f Yap<\/h2>\n        <form id=\"rtcl-login-form\" class=\"form-horizontal\" method=\"post\">\n\t\t\t            <div class=\"rtcl-form-group\">\n                <label for=\"rtcl-user-login\" class=\"rtcl-field-label\">\n\t\t\t\t\tKullan\u0131c\u0131 Ad\u0131 veya E-posta                    <strong class=\"rtcl-required\">*<\/strong>\n                <\/label>\n                <input type=\"text\" name=\"username\" autocomplete=\"username\"\n                       value=\"\"\n                       id=\"rtcl-user-login\" class=\"rtcl-form-control\" required\/>\n            <\/div>\n\n            <div class=\"rtcl-form-group\">\n                <label for=\"rtcl-user-pass\" class=\"rtcl-field-label\">\n\t\t\t\t\tParola                    <strong class=\"rtcl-required\">*<\/strong>\n                <\/label>\n                <input type=\"password\" name=\"password\" id=\"rtcl-user-pass\" autocomplete=\"current-password\"\n                       class=\"rtcl-form-control\" required\/>\n            <\/div>\n\n\t\t\t\n            <div class=\"rtcl-form-group\">\n                <div id=\"rtcl-login-g-recaptcha\"><\/div>\n                <div id=\"rtcl-login-g-recaptcha-message\"><\/div>\n            <\/div>\n\n            <div class=\"rtcl-form-group rtcl-login-form-submit-wrap\">\n\n                <button type=\"submit\" name=\"rtcl-login\" class=\"btn\" value=\"login\">\n\t\t\t\t\tGiri\u015f Yap                <\/button>\n                <div class=\"form-check\">\n                    <input type=\"checkbox\" name=\"rememberme\" id=\"rtcl-rememberme\" value=\"forever\">\n                    <label class=\"form-check-label\" for=\"rtcl-rememberme\">\n\t\t\t\t\t\tBeni Hat\u0131rla                    <\/label>\n                <\/div>\n            <\/div>\n            <div class=\"rtcl-form-group rtcl-form-group-no-margin-bottom\">\n                <p class=\"rtcl-forgot-password\">\n\t\t\t\t\t                    <a href=\"https:\/\/gold-silber-boerse.de\/tr\/benim-hesabim\/lost-password\/\">\u015eifrenizi mi unuttunuz?<\/a>\n                <\/p>\n            <\/div>\n\t\t\t<input type=\"hidden\" id=\"rtcl-login-nonce\" name=\"rtcl-login-nonce\" value=\"2a2114ee4a\" \/><input type=\"hidden\" name=\"_wp_http_referer\" value=\"\/tr\/wp-json\/wp\/v2\/pages\/533\" \/><input type=\"hidden\" name=\"redirect_to\" value=\"https:\/\/gold-silber-boerse.de\/tr\/wp-json\/wp\/v2\/pages\/533\" \/>        <\/form>\n    <\/div>\n\t        <div class=\"rtcl-registration-form-wrap\">\n\n            <h2>\u00dcye Ol<\/h2>\n\n            <form id=\"rtcl-register-form\" class=\"form-horizontal\" method=\"post\">\n\n\t\t\t\t\t\t<div class=\"rtcl-form-group name-row\">\n\t\t\t<div class=\"first-name-column\">\n\t\t\t\t<label for=\"rtcl-reg-first-name\" class=\"rtcl-field-label\">\n\t\t\t\t\t\u0130lk \u0130sim\t\t\t\t\t<strong class=\"rtcl-required\">*<\/strong>\n\t\t\t\t<\/label>\n\t\t\t\t<input type=\"text\" name=\"first_name\" id=\"rtcl-reg-first-name\"\n\t\t\t\t\t   value=\"\"\n\t\t\t\t\t   class=\"rtcl-form-control\" required\/>\n\t\t\t<\/div>\n\t\t\t<div class=\"second-name-column\">\n\t\t\t\t<label for=\"rtcl-reg-last-name\" class=\"rtcl-field-label\">\n\t\t\t\t\tSoyad\u0131\t\t\t\t\t<strong class=\"rtcl-required\">*<\/strong>\n\t\t\t\t<\/label>\n\t\t\t\t<input type=\"text\" name=\"last_name\"\n\t\t\t\t\t   value=\"\"\n\t\t\t\t\t   id=\"rtcl-reg-last-name\" class=\"rtcl-form-control\" required\/>\n\t\t\t<\/div>\n\t\t<\/div>\n\t\t\t\t<div class=\"rtcl-form-group phone-row\">\n\t\t\t\t\t\t<label for=\"rtcl-reg-phone\" class=\"rtcl-field-label phone-label\">\n\t\t\t\tTelefon numaras\u0131\t\t\t\t\t\t\t<\/label>\n\t\t\t<input type=\"text\" name=\"phone\"\n\t\t\t\t   value=\"\"\n\t\t\t\t   id=\"rtcl-reg-phone\" class=\"rtcl-form-control\"\/>\n\t\t\t\t\t<\/div>\n\t\t\n                <div class=\"rtcl-form-group\">\n                    <label for=\"rtcl-reg-username\" class=\"rtcl-field-label\">\n\t\t\t\t\t\tKullan\u0131c\u0131 ad\u0131                        <strong class=\"rtcl-required\">*<\/strong>\n                    <\/label>\n                    <input type=\"text\" name=\"username\"\n                           value=\"\"\n                           autocomplete=\"username\" id=\"rtcl-reg-username\" class=\"rtcl-form-control\" required\/>\n                    <span class=\"help-block\">Kullan\u0131c\u0131 ad\u0131 de\u011fi\u015ftirilemez.<\/span>\n                <\/div>\n\n                <div class=\"rtcl-form-group\">\n                    <label for=\"rtcl-reg-email\" class=\"rtcl-field-label\">\n\t\t\t\t\t\tE-posta adresi                        <strong class=\"rtcl-required\">*<\/strong>\n                    <\/label>\n                    <input type=\"email\" name=\"email\"\n                           value=\"\"\n                           autocomplete=\"email\" id=\"rtcl-reg-email\" class=\"rtcl-form-control\" required\/>\n                <\/div>\n\n                <div class=\"rtcl-form-group\">\n                    <label for=\"rtcl-reg-password\" class=\"rtcl-field-label\">\n\t\t\t\t\t\tParola                        <strong class=\"rtcl-required\">*<\/strong>\n                    <\/label>\n                    <input type=\"password\" name=\"password\" id=\"rtcl-reg-password\" autocomplete=\"new-password\"\n                           class=\"rtcl-form-control rtcl-password\" required\/>\n                <\/div>\n\n                <div class=\"rtcl-form-group\">\n                    <label for=\"rtcl-reg-confirm-password\" class=\"rtcl-field-label\">\n\t\t\t\t\t\tParolay\u0131 Onaylay\u0131n                        <strong class=\"rtcl-required\">*<\/strong>\n                    <\/label>\n                    <div class=\"confirm-password-wrap\">\n                        <input type=\"password\" name=\"pass2\" id=\"rtcl-reg-confirm-password\" class=\"rtcl-form-control\"\n                               autocomplete=\"off\"\n                               data-rule-equalTo=\"#rtcl-reg-password\"\n                               data-msg-equalTo=\"Password does not match.\" required\/>\n                        <span class=\"rtcl-checkmark\"><\/span>\n                    <\/div>\n                <\/div>\n\n\t\t\t\t\n                <div class=\"rtcl-form-group rtcl-form-group-no-margin-bottom\">\n                    <div id=\"rtcl-registration-g-recaptcha\"><\/div>\n                    <div id=\"rtcl-registration-g-recaptcha-message\"><\/div>\n                    <input type=\"submit\" name=\"rtcl-register\" class=\"btn\"\n                           value=\"\u00dcye Ol\"\/>\n                <\/div>\n\t\t\t\t<input type=\"hidden\" id=\"rtcl-register-nonce\" name=\"rtcl-register-nonce\" value=\"c97615078f\" \/><input type=\"hidden\" name=\"_wp_http_referer\" value=\"\/tr\/wp-json\/wp\/v2\/pages\/533\" \/><input type=\"hidden\" name=\"redirect_to\" value=\"https:\/\/gold-silber-boerse.de\/tr\/wp-json\/wp\/v2\/pages\/533\" \/>            <\/form>\n        <\/div>\n\t<\/div>\n<\/div>\n","protected":false},"excerpt":{"rendered":"","protected":false},"author":1,"featured_media":0,"parent":0,"menu_order":0,"comment_status":"closed","ping_status":"closed","template":"elementor_theme","meta":{"_rtcl_gb_attr":"","inline_featured_image":false,"footnotes":""},"class_list":["post-533","page","type-page","status-publish","hentry"],"yoast_head":"<!-- This site is optimized with the Yoast SEO plugin v23.3 - https:\/\/yoast.com\/wordpress\/plugins\/seo\/ -->\n<title>Benim hesab\u0131m - Gold Silber Boerse<\/title>\n<meta name=\"robots\" content=\"index, follow, max-snippet:-1, max-image-preview:large, max-video-preview:-1\" \/>\n<link rel=\"canonical\" href=\"https:\/\/gold-silber-boerse.de\/my-account\/\" \/>\n<meta property=\"og:locale\" content=\"tr_TR\" \/>\n<meta property=\"og:type\" content=\"article\" \/>\n<meta property=\"og:title\" content=\"Benim hesab\u0131m - Gold Silber Boerse\" \/>\n<meta property=\"og:url\" content=\"https:\/\/gold-silber-boerse.de\/my-account\/\" \/>\n<meta property=\"og:site_name\" content=\"Gold Silber Boerse\" \/>\n<meta name=\"twitter:card\" content=\"summary_large_image\" \/>\n<script type=\"application\/ld+json\" class=\"yoast-schema-graph\">{\"@context\":\"https:\/\/schema.org\",\"@graph\":[{\"@type\":\"WebPage\",\"@id\":\"https:\/\/gold-silber-boerse.de\/my-account\/\",\"url\":\"https:\/\/gold-silber-boerse.de\/my-account\/\",\"name\":\"Benim hesab\u0131m - Gold Silber Boerse\",\"isPartOf\":{\"@id\":\"https:\/\/gold-silber-boerse.de\/#website\"},\"datePublished\":\"2024-06-17T15:27:51+00:00\",\"dateModified\":\"2024-06-17T15:27:51+00:00\",\"breadcrumb\":{\"@id\":\"https:\/\/gold-silber-boerse.de\/my-account\/#breadcrumb\"},\"inLanguage\":\"tr\",\"potentialAction\":[{\"@type\":\"ReadAction\",\"target\":[\"https:\/\/gold-silber-boerse.de\/my-account\/\"]}]},{\"@type\":\"BreadcrumbList\",\"@id\":\"https:\/\/gold-silber-boerse.de\/my-account\/#breadcrumb\",\"itemListElement\":[{\"@type\":\"ListItem\",\"position\":1,\"name\":\"Strona g\u0142\u00f3wna\",\"item\":\"https:\/\/gold-silber-boerse.de\/\"},{\"@type\":\"ListItem\",\"position\":2,\"name\":\"Benim hesab\u0131m\"}]},{\"@type\":\"WebSite\",\"@id\":\"https:\/\/gold-silber-boerse.de\/#website\",\"url\":\"https:\/\/gold-silber-boerse.de\/\",\"name\":\"Gold Silber Boerse\",\"description\":\"Na naszej stronie internetowej mo\u017cesz kupi\u0107 lub sprzeda\u0107 z\u0142oto i srebro w postaci monet lub sztabek.\",\"potentialAction\":[{\"@type\":\"SearchAction\",\"target\":{\"@type\":\"EntryPoint\",\"urlTemplate\":\"https:\/\/gold-silber-boerse.de\/?s={search_term_string}\"},\"query-input\":\"required name=search_term_string\"}],\"inLanguage\":\"tr\"}]}<\/script>\n<!-- \/ Yoast SEO plugin. -->","yoast_head_json":{"title":"Benim hesab\u0131m - Gold Silber Boerse","robots":{"index":"index","follow":"follow","max-snippet":"max-snippet:-1","max-image-preview":"max-image-preview:large","max-video-preview":"max-video-preview:-1"},"canonical":"https:\/\/gold-silber-boerse.de\/my-account\/","og_locale":"tr_TR","og_type":"article","og_title":"Benim hesab\u0131m - Gold Silber Boerse","og_url":"https:\/\/gold-silber-boerse.de\/my-account\/","og_site_name":"Gold Silber Boerse","twitter_card":"summary_large_image","schema":{"@context":"https:\/\/schema.org","@graph":[{"@type":"WebPage","@id":"https:\/\/gold-silber-boerse.de\/my-account\/","url":"https:\/\/gold-silber-boerse.de\/my-account\/","name":"Benim hesab\u0131m - Gold Silber Boerse","isPartOf":{"@id":"https:\/\/gold-silber-boerse.de\/#website"},"datePublished":"2024-06-17T15:27:51+00:00","dateModified":"2024-06-17T15:27:51+00:00","breadcrumb":{"@id":"https:\/\/gold-silber-boerse.de\/my-account\/#breadcrumb"},"inLanguage":"tr","potentialAction":[{"@type":"ReadAction","target":["https:\/\/gold-silber-boerse.de\/my-account\/"]}]},{"@type":"BreadcrumbList","@id":"https:\/\/gold-silber-boerse.de\/my-account\/#breadcrumb","itemListElement":[{"@type":"ListItem","position":1,"name":"Strona g\u0142\u00f3wna","item":"https:\/\/gold-silber-boerse.de\/"},{"@type":"ListItem","position":2,"name":"Benim hesab\u0131m"}]},{"@type":"WebSite","@id":"https:\/\/gold-silber-boerse.de\/#website","url":"https:\/\/gold-silber-boerse.de\/","name":"Gold Silber Boerse","description":"Na naszej stronie internetowej mo\u017cesz kupi\u0107 lub sprzeda\u0107 z\u0142oto i srebro w postaci monet lub sztabek.","potentialAction":[{"@type":"SearchAction","target":{"@type":"EntryPoint","urlTemplate":"https:\/\/gold-silber-boerse.de\/?s={search_term_string}"},"query-input":"required name=search_term_string"}],"inLanguage":"tr"}]}},"_links":{"self":[{"href":"https:\/\/gold-silber-boerse.de\/tr\/wp-json\/wp\/v2\/pages\/533"}],"collection":[{"href":"https:\/\/gold-silber-boerse.de\/tr\/wp-json\/wp\/v2\/pages"}],"about":[{"href":"https:\/\/gold-silber-boerse.de\/tr\/wp-json\/wp\/v2\/types\/page"}],"author":[{"embeddable":true,"href":"https:\/\/gold-silber-boerse.de\/tr\/wp-json\/wp\/v2\/users\/1"}],"replies":[{"embeddable":true,"href":"https:\/\/gold-silber-boerse.de\/tr\/wp-json\/wp\/v2\/comments?post=533"}],"version-history":[{"count":0,"href":"https:\/\/gold-silber-boerse.de\/tr\/wp-json\/wp\/v2\/pages\/533\/revisions"}],"wp:attachment":[{"href":"https:\/\/gold-silber-boerse.de\/tr\/wp-json\/wp\/v2\/media?parent=533"}],"curies":[{"name":"wp","href":"https:\/\/api.w.org\/{rel}","templated":true}]}}