{"id":534,"date":"2024-06-17T17:27:51","date_gmt":"2024-06-17T15:27:51","guid":{"rendered":"https:\/\/10.demooo.pl\/teklif-formu\/"},"modified":"2024-06-17T17:27:51","modified_gmt":"2024-06-17T15:27:51","slug":"teklif-formu","status":"publish","type":"page","link":"https:\/\/gold-silber-boerse.de\/tr\/teklif-formu\/","title":{"rendered":"Teklif formu"},"content":{"rendered":"<div class=\"rtcl\">\n<div class=\"rtcl-listing-info-selecting\">\n\t\t\t<div id=\"rtcl-ad-type-selection\">\n\t\t\t<div class=\"rtcl-post-section-title\">\n\t\t\t\t<h3>\n\t\t\t\t\t<i class=\"rtcl-icon rtcl-icon-tags\"><\/i>Bir t\u00fcr se\u00e7in\t\t\t\t<\/h3>\n\t\t\t<\/div>\n\t\t\t<div class=\"form-group row\">\n\t\t\t\t<label for=\"rtcl-category\"\n\t\t\t\t\t   class=\"col-md-2 col-form-label\">Reklam T\u00fcr\u00fc\t\t\t\t\t<span class=\"require-star\">*<\/span>\n\t\t\t\t<\/label>\n\t\t\t\t<div class=\"col-md-10\">\n\t\t\t\t\t<select class=\"rtcl-select2 form-control\" id=\"rtcl-ad-type\" name=\"type\" required>\n\t\t\t\t\t\t<option value=\"\">--Bir t\u00fcr se\u00e7in--<\/option>\n\t\t\t\t\t\t<option value='sell'>Satmak<\/option><option value='buy'>Sat\u0131n Al<\/option><option value='exchange'>De\u011fi\u015fim<\/option>\t\t\t\t\t<\/select>\n\t\t\t\t<\/div>\n\t\t\t<\/div>\n\t\t<\/div>\n\t\t<div id=\"rtcl-ad-category-selection\"\n\t\t style=\"display: none\">\n\t\t<div class=\"rtcl-post-section-title\">\n\t\t\t<h3>\n\t\t\t\t<i class=\"rtcl-icon rtcl-icon-tags\"><\/i>Bir kategori se\u00e7in\t\t\t<\/h3>\n\t\t<\/div>\n\t\t<div class=\"rtcl-post-category\">\n\t\t\t<div class=\"form-group row\" id=\"cat-row\">\n\t\t\t\t<label for=\"rtcl-category\"\n\t\t\t\t\t   class=\"col-md-2 col-form-label\">Kategori\t\t\t\t\t<span class=\"require-star\">*<\/span><\/label>\n\t\t\t\t<div class=\"col-md-10\" id=\"rtcl-category-wrap\">\n\t\t\t\t\t<select class=\"rtcl-select2 form-control\" id=\"rtcl-category\" required>\n\t\t\t\t\t\t<option value=\"\">Bir kategori se\u00e7in<\/option>\n\t\t\t\t\t\t<option value=\"99\">G\u00fcm\u00fc\u015f<\/option><option value=\"98\">Alt\u0131n<\/option>\t\t\t\t\t<\/select>\n\t\t\t\t<\/div>\n\t\t\t<\/div>\n\t\t\t\t\t\t<div class=\"form-group row rtcl-hide\" id=\"sub-cat-row\">\n\t\t\t\t<label for=\"rtcl-sub-category\"\n\t\t\t\t\t   class=\"col-md-2 col-form-label\">Alt Kategori\t\t\t\t\t<span class=\"require-star\">*<\/span><\/label>\n\t\t\t\t<div class=\"col-md-10\" id=\"rtcl-sub-category-wrap\">\n\t\t\t\t\t\t\t\t\t<\/div>\n\t\t\t<\/div>\n\t\t<\/div>\n\t<\/div>\n<\/div>\n<\/div>\n","protected":false},"excerpt":{"rendered":"","protected":false},"author":1,"featured_media":0,"parent":0,"menu_order":0,"comment_status":"closed","ping_status":"closed","template":"","meta":{"_rtcl_gb_attr":"","inline_featured_image":false,"footnotes":""},"class_list":["post-534","page","type-page","status-publish","hentry"],"yoast_head":"<!-- This site is optimized with the Yoast SEO plugin v23.3 - https:\/\/yoast.com\/wordpress\/plugins\/seo\/ -->\n<title>Teklif formu - Gold Silber Boerse<\/title>\n<meta name=\"robots\" content=\"index, follow, max-snippet:-1, max-image-preview:large, max-video-preview:-1\" \/>\n<link rel=\"canonical\" href=\"https:\/\/gold-silber-boerse.de\/listing-form\/\" \/>\n<meta property=\"og:locale\" content=\"tr_TR\" \/>\n<meta property=\"og:type\" content=\"article\" \/>\n<meta property=\"og:title\" content=\"Teklif formu - Gold Silber Boerse\" \/>\n<meta property=\"og:url\" content=\"https:\/\/gold-silber-boerse.de\/listing-form\/\" \/>\n<meta property=\"og:site_name\" content=\"Gold Silber Boerse\" \/>\n<meta name=\"twitter:card\" content=\"summary_large_image\" \/>\n<script type=\"application\/ld+json\" class=\"yoast-schema-graph\">{\"@context\":\"https:\/\/schema.org\",\"@graph\":[{\"@type\":\"WebPage\",\"@id\":\"https:\/\/gold-silber-boerse.de\/listing-form\/\",\"url\":\"https:\/\/gold-silber-boerse.de\/listing-form\/\",\"name\":\"Teklif formu - Gold Silber Boerse\",\"isPartOf\":{\"@id\":\"https:\/\/gold-silber-boerse.de\/#website\"},\"datePublished\":\"2024-06-17T15:27:51+00:00\",\"dateModified\":\"2024-06-17T15:27:51+00:00\",\"breadcrumb\":{\"@id\":\"https:\/\/gold-silber-boerse.de\/listing-form\/#breadcrumb\"},\"inLanguage\":\"tr\",\"potentialAction\":[{\"@type\":\"ReadAction\",\"target\":[\"https:\/\/gold-silber-boerse.de\/listing-form\/\"]}]},{\"@type\":\"BreadcrumbList\",\"@id\":\"https:\/\/gold-silber-boerse.de\/listing-form\/#breadcrumb\",\"itemListElement\":[{\"@type\":\"ListItem\",\"position\":1,\"name\":\"Strona g\u0142\u00f3wna\",\"item\":\"https:\/\/gold-silber-boerse.de\/\"},{\"@type\":\"ListItem\",\"position\":2,\"name\":\"Teklif formu\"}]},{\"@type\":\"WebSite\",\"@id\":\"https:\/\/gold-silber-boerse.de\/#website\",\"url\":\"https:\/\/gold-silber-boerse.de\/\",\"name\":\"Gold Silber Boerse\",\"description\":\"Na naszej stronie internetowej mo\u017cesz kupi\u0107 lub sprzeda\u0107 z\u0142oto i srebro w postaci monet lub sztabek.\",\"potentialAction\":[{\"@type\":\"SearchAction\",\"target\":{\"@type\":\"EntryPoint\",\"urlTemplate\":\"https:\/\/gold-silber-boerse.de\/?s={search_term_string}\"},\"query-input\":\"required name=search_term_string\"}],\"inLanguage\":\"tr\"}]}<\/script>\n<!-- \/ Yoast SEO plugin. -->","yoast_head_json":{"title":"Teklif formu - Gold Silber Boerse","robots":{"index":"index","follow":"follow","max-snippet":"max-snippet:-1","max-image-preview":"max-image-preview:large","max-video-preview":"max-video-preview:-1"},"canonical":"https:\/\/gold-silber-boerse.de\/listing-form\/","og_locale":"tr_TR","og_type":"article","og_title":"Teklif formu - Gold Silber Boerse","og_url":"https:\/\/gold-silber-boerse.de\/listing-form\/","og_site_name":"Gold Silber Boerse","twitter_card":"summary_large_image","schema":{"@context":"https:\/\/schema.org","@graph":[{"@type":"WebPage","@id":"https:\/\/gold-silber-boerse.de\/listing-form\/","url":"https:\/\/gold-silber-boerse.de\/listing-form\/","name":"Teklif formu - Gold Silber Boerse","isPartOf":{"@id":"https:\/\/gold-silber-boerse.de\/#website"},"datePublished":"2024-06-17T15:27:51+00:00","dateModified":"2024-06-17T15:27:51+00:00","breadcrumb":{"@id":"https:\/\/gold-silber-boerse.de\/listing-form\/#breadcrumb"},"inLanguage":"tr","potentialAction":[{"@type":"ReadAction","target":["https:\/\/gold-silber-boerse.de\/listing-form\/"]}]},{"@type":"BreadcrumbList","@id":"https:\/\/gold-silber-boerse.de\/listing-form\/#breadcrumb","itemListElement":[{"@type":"ListItem","position":1,"name":"Strona g\u0142\u00f3wna","item":"https:\/\/gold-silber-boerse.de\/"},{"@type":"ListItem","position":2,"name":"Teklif formu"}]},{"@type":"WebSite","@id":"https:\/\/gold-silber-boerse.de\/#website","url":"https:\/\/gold-silber-boerse.de\/","name":"Gold Silber Boerse","description":"Na naszej stronie internetowej mo\u017cesz kupi\u0107 lub sprzeda\u0107 z\u0142oto i srebro w postaci monet lub sztabek.","potentialAction":[{"@type":"SearchAction","target":{"@type":"EntryPoint","urlTemplate":"https:\/\/gold-silber-boerse.de\/?s={search_term_string}"},"query-input":"required name=search_term_string"}],"inLanguage":"tr"}]}},"_links":{"self":[{"href":"https:\/\/gold-silber-boerse.de\/tr\/wp-json\/wp\/v2\/pages\/534"}],"collection":[{"href":"https:\/\/gold-silber-boerse.de\/tr\/wp-json\/wp\/v2\/pages"}],"about":[{"href":"https:\/\/gold-silber-boerse.de\/tr\/wp-json\/wp\/v2\/types\/page"}],"author":[{"embeddable":true,"href":"https:\/\/gold-silber-boerse.de\/tr\/wp-json\/wp\/v2\/users\/1"}],"replies":[{"embeddable":true,"href":"https:\/\/gold-silber-boerse.de\/tr\/wp-json\/wp\/v2\/comments?post=534"}],"version-history":[{"count":0,"href":"https:\/\/gold-silber-boerse.de\/tr\/wp-json\/wp\/v2\/pages\/534\/revisions"}],"wp:attachment":[{"href":"https:\/\/gold-silber-boerse.de\/tr\/wp-json\/wp\/v2\/media?parent=534"}],"curies":[{"name":"wp","href":"https:\/\/api.w.org\/{rel}","templated":true}]}}