{"id":541,"date":"2024-06-18T14:17:45","date_gmt":"2024-06-18T12:17:45","guid":{"rendered":"https:\/\/10.demooo.pl\/fiyat-listesi\/"},"modified":"2025-03-25T17:22:35","modified_gmt":"2025-03-25T16:22:35","slug":"fiyat-listesi","status":"publish","type":"page","link":"https:\/\/gold-silber-boerse.de\/tr\/fiyat-listesi\/","title":{"rendered":"Fiyat listesi"},"content":{"rendered":"\t\t<div data-elementor-type=\"wp-page\" data-elementor-id=\"541\" class=\"elementor elementor-541 elementor-232\" data-elementor-post-type=\"page\">\n\t\t\t\t\t\t<section class=\"elementor-section elementor-top-section elementor-element elementor-element-f16e284 elementor-section-boxed elementor-section-height-default elementor-section-height-default\" data-id=\"f16e284\" data-element_type=\"section\">\n\t\t\t\t\t\t<div class=\"elementor-container elementor-column-gap-default\">\n\t\t\t\t\t<div class=\"elementor-column elementor-col-100 elementor-top-column elementor-element elementor-element-937401f\" data-id=\"937401f\" data-element_type=\"column\">\n\t\t\t<div class=\"elementor-widget-wrap elementor-element-populated\">\n\t\t\t\t\t\t<div class=\"elementor-element elementor-element-59a4d7a elementor-widget elementor-widget-heading\" data-id=\"59a4d7a\" data-element_type=\"widget\" data-widget_type=\"heading.default\">\n\t\t\t\t<div class=\"elementor-widget-container\">\n\t\t\t<h1 class=\"elementor-heading-title elementor-size-default\">F\u0130YAT L\u0130STES\u0130<\/h1>\t\t<\/div>\n\t\t\t\t<\/div>\n\t\t\t\t<div class=\"elementor-element elementor-element-dc45a33 elementor-widget elementor-widget-text-editor\" data-id=\"dc45a33\" data-element_type=\"widget\" data-widget_type=\"text-editor.default\">\n\t\t\t\t<div class=\"elementor-widget-container\">\n\t\t\t\t\t\t\t<p>Size &#8220;gold-silber-boerse.de&#8221; reklam portal\u0131n\u0131 sunuyoruz. Alt\u0131n veya g\u00fcm\u00fc\u015f almak veya satmak isteyenler i\u00e7in tam profesyonel bir portal.<\/p>\n<p>Reklam ekleme \u00fccreti: Zaman \u00e7er\u00e7evesi hari\u00e7 <strong>6,99 EUR<\/strong><\/p>\n<p>Sat\u0131c\u0131ya veya al\u0131c\u0131ya ileti\u015fim bilgileri sa\u011flama \u00fccreti: <strong>1 EUR<\/strong><\/p>\t\t\t\t\t\t<\/div>\n\t\t\t\t<\/div>\n\t\t\t\t\t<\/div>\n\t\t<\/div>\n\t\t\t\t\t<\/div>\n\t\t<\/section>\n\t\t\t\t<section class=\"elementor-section elementor-top-section elementor-element elementor-element-0904d28 elementor-section-boxed elementor-section-height-default elementor-section-height-default\" data-id=\"0904d28\" data-element_type=\"section\">\n\t\t\t\t\t\t<div class=\"elementor-container elementor-column-gap-default\">\n\t\t\t\t\t<div class=\"elementor-column elementor-col-100 elementor-top-column elementor-element elementor-element-0313f7c\" data-id=\"0313f7c\" data-element_type=\"column\" data-settings=\"{&quot;background_background&quot;:&quot;classic&quot;}\">\n\t\t\t<div class=\"elementor-widget-wrap elementor-element-populated\">\n\t\t\t\t\t\t<section class=\"elementor-section elementor-inner-section elementor-element elementor-element-c8bb618 elementor-section-content-middle elementor-section-boxed elementor-section-height-default elementor-section-height-default\" data-id=\"c8bb618\" data-element_type=\"section\">\n\t\t\t\t\t\t<div class=\"elementor-container elementor-column-gap-wider\">\n\t\t\t\t\t<div class=\"elementor-column elementor-col-14 elementor-inner-column elementor-element elementor-element-ab20f8c\" data-id=\"ab20f8c\" data-element_type=\"column\">\n\t\t\t<div class=\"elementor-widget-wrap elementor-element-populated\">\n\t\t\t\t\t\t<div class=\"elementor-element elementor-element-851a15c elementor-widget elementor-widget-image\" data-id=\"851a15c\" data-element_type=\"widget\" data-widget_type=\"image.default\">\n\t\t\t\t<div class=\"elementor-widget-container\">\n\t\t\t\t\t\t\t\t\t\t\t\t\t<img fetchpriority=\"high\" decoding=\"async\" width=\"752\" height=\"400\" src=\"https:\/\/gold-silber-boerse.de\/wp-content\/uploads\/2024\/10\/gpay-1.png\" class=\"attachment-large size-large wp-image-2977\" alt=\"\" srcset=\"https:\/\/gold-silber-boerse.de\/wp-content\/uploads\/2024\/10\/gpay-1.png 752w, https:\/\/gold-silber-boerse.de\/wp-content\/uploads\/2024\/10\/gpay-1-300x160.png 300w, https:\/\/gold-silber-boerse.de\/wp-content\/uploads\/2024\/10\/gpay-1-600x319.png 600w\" sizes=\"(max-width: 752px) 100vw, 752px\" title=\"\" \/>\t\t\t\t\t\t\t\t\t\t\t\t\t<\/div>\n\t\t\t\t<\/div>\n\t\t\t\t\t<\/div>\n\t\t<\/div>\n\t\t\t\t<div class=\"elementor-column elementor-col-14 elementor-inner-column elementor-element elementor-element-6adbc28\" data-id=\"6adbc28\" data-element_type=\"column\">\n\t\t\t<div class=\"elementor-widget-wrap elementor-element-populated\">\n\t\t\t\t\t\t<div class=\"elementor-element elementor-element-a724729 elementor-widget elementor-widget-image\" data-id=\"a724729\" data-element_type=\"widget\" data-widget_type=\"image.default\">\n\t\t\t\t<div class=\"elementor-widget-container\">\n\t\t\t\t\t\t\t\t\t\t\t\t\t<img decoding=\"async\" width=\"292\" height=\"120\" src=\"https:\/\/gold-silber-boerse.de\/wp-content\/uploads\/2024\/10\/applepay-1.png\" class=\"attachment-large size-large wp-image-2981\" alt=\"\" title=\"\" \/>\t\t\t\t\t\t\t\t\t\t\t\t\t<\/div>\n\t\t\t\t<\/div>\n\t\t\t\t\t<\/div>\n\t\t<\/div>\n\t\t\t\t<div class=\"elementor-column elementor-col-14 elementor-inner-column elementor-element elementor-element-0dc0018\" data-id=\"0dc0018\" data-element_type=\"column\">\n\t\t\t<div class=\"elementor-widget-wrap elementor-element-populated\">\n\t\t\t\t\t\t<div class=\"elementor-element elementor-element-28f33b0 elementor-widget elementor-widget-image\" data-id=\"28f33b0\" data-element_type=\"widget\" data-widget_type=\"image.default\">\n\t\t\t\t<div class=\"elementor-widget-container\">\n\t\t\t\t\t\t\t\t\t\t\t\t\t<img decoding=\"async\" width=\"360\" height=\"280\" src=\"https:\/\/gold-silber-boerse.de\/wp-content\/uploads\/2024\/10\/mastercard.png\" class=\"attachment-large size-large wp-image-2985\" alt=\"\" srcset=\"https:\/\/gold-silber-boerse.de\/wp-content\/uploads\/2024\/10\/mastercard.png 360w, https:\/\/gold-silber-boerse.de\/wp-content\/uploads\/2024\/10\/mastercard-300x233.png 300w\" sizes=\"(max-width: 360px) 100vw, 360px\" title=\"\" \/>\t\t\t\t\t\t\t\t\t\t\t\t\t<\/div>\n\t\t\t\t<\/div>\n\t\t\t\t\t<\/div>\n\t\t<\/div>\n\t\t\t\t<div class=\"elementor-column elementor-col-14 elementor-inner-column elementor-element elementor-element-74f1c0a\" data-id=\"74f1c0a\" data-element_type=\"column\">\n\t\t\t<div class=\"elementor-widget-wrap elementor-element-populated\">\n\t\t\t\t\t\t<div class=\"elementor-element elementor-element-1c2e368 elementor-widget elementor-widget-image\" data-id=\"1c2e368\" data-element_type=\"widget\" data-widget_type=\"image.default\">\n\t\t\t\t<div class=\"elementor-widget-container\">\n\t\t\t\t\t\t\t\t\t\t\t\t\t<img loading=\"lazy\" decoding=\"async\" width=\"420\" height=\"200\" src=\"https:\/\/gold-silber-boerse.de\/wp-content\/uploads\/2024\/10\/blik.png\" class=\"attachment-large size-large wp-image-2989\" alt=\"\" srcset=\"https:\/\/gold-silber-boerse.de\/wp-content\/uploads\/2024\/10\/blik.png 420w, https:\/\/gold-silber-boerse.de\/wp-content\/uploads\/2024\/10\/blik-300x143.png 300w\" sizes=\"(max-width: 420px) 100vw, 420px\" title=\"\" \/>\t\t\t\t\t\t\t\t\t\t\t\t\t<\/div>\n\t\t\t\t<\/div>\n\t\t\t\t\t<\/div>\n\t\t<\/div>\n\t\t\t\t<div class=\"elementor-column elementor-col-14 elementor-inner-column elementor-element elementor-element-847addd\" data-id=\"847addd\" data-element_type=\"column\">\n\t\t\t<div class=\"elementor-widget-wrap elementor-element-populated\">\n\t\t\t\t\t\t<div class=\"elementor-element elementor-element-f3df94d elementor-widget elementor-widget-image\" data-id=\"f3df94d\" data-element_type=\"widget\" data-widget_type=\"image.default\">\n\t\t\t\t<div class=\"elementor-widget-container\">\n\t\t\t\t\t\t\t\t\t\t\t\t\t<img loading=\"lazy\" decoding=\"async\" width=\"630\" height=\"200\" src=\"https:\/\/gold-silber-boerse.de\/wp-content\/uploads\/2024\/10\/visa.png\" class=\"attachment-large size-large wp-image-2993\" alt=\"\" srcset=\"https:\/\/gold-silber-boerse.de\/wp-content\/uploads\/2024\/10\/visa.png 630w, https:\/\/gold-silber-boerse.de\/wp-content\/uploads\/2024\/10\/visa-300x95.png 300w, https:\/\/gold-silber-boerse.de\/wp-content\/uploads\/2024\/10\/visa-600x190.png 600w\" sizes=\"(max-width: 630px) 100vw, 630px\" title=\"\" \/>\t\t\t\t\t\t\t\t\t\t\t\t\t<\/div>\n\t\t\t\t<\/div>\n\t\t\t\t\t<\/div>\n\t\t<\/div>\n\t\t\t\t<div class=\"elementor-column elementor-col-14 elementor-inner-column elementor-element elementor-element-431ed46\" data-id=\"431ed46\" data-element_type=\"column\">\n\t\t\t<div class=\"elementor-widget-wrap elementor-element-populated\">\n\t\t\t\t\t\t<div class=\"elementor-element elementor-element-d20aa4c elementor-widget elementor-widget-image\" data-id=\"d20aa4c\" data-element_type=\"widget\" data-widget_type=\"image.default\">\n\t\t\t\t<div class=\"elementor-widget-container\">\n\t\t\t\t\t\t\t\t\t\t\t\t\t<img loading=\"lazy\" decoding=\"async\" width=\"730\" height=\"200\" src=\"https:\/\/gold-silber-boerse.de\/wp-content\/uploads\/2024\/10\/paypal.png\" class=\"attachment-large size-large wp-image-2997\" alt=\"\" srcset=\"https:\/\/gold-silber-boerse.de\/wp-content\/uploads\/2024\/10\/paypal.png 730w, https:\/\/gold-silber-boerse.de\/wp-content\/uploads\/2024\/10\/paypal-300x82.png 300w, https:\/\/gold-silber-boerse.de\/wp-content\/uploads\/2024\/10\/paypal-600x164.png 600w\" sizes=\"(max-width: 730px) 100vw, 730px\" title=\"\" \/>\t\t\t\t\t\t\t\t\t\t\t\t\t<\/div>\n\t\t\t\t<\/div>\n\t\t\t\t\t<\/div>\n\t\t<\/div>\n\t\t\t\t<div class=\"elementor-column elementor-col-14 elementor-inner-column elementor-element elementor-element-daccb29\" data-id=\"daccb29\" data-element_type=\"column\">\n\t\t\t<div class=\"elementor-widget-wrap elementor-element-populated\">\n\t\t\t\t\t\t<div class=\"elementor-element elementor-element-96c2733 elementor-widget elementor-widget-image\" data-id=\"96c2733\" data-element_type=\"widget\" data-widget_type=\"image.default\">\n\t\t\t\t<div class=\"elementor-widget-container\">\n\t\t\t\t\t\t\t\t\t\t\t\t\t<img loading=\"lazy\" decoding=\"async\" width=\"1000\" height=\"400\" src=\"https:\/\/gold-silber-boerse.de\/wp-content\/uploads\/2024\/10\/paynow.jpg\" class=\"attachment-large size-large wp-image-3044\" alt=\"\" srcset=\"https:\/\/gold-silber-boerse.de\/wp-content\/uploads\/2024\/10\/paynow.jpg 1000w, https:\/\/gold-silber-boerse.de\/wp-content\/uploads\/2024\/10\/paynow-300x120.jpg 300w, https:\/\/gold-silber-boerse.de\/wp-content\/uploads\/2024\/10\/paynow-768x307.jpg 768w, https:\/\/gold-silber-boerse.de\/wp-content\/uploads\/2024\/10\/paynow-870x348.jpg 870w, https:\/\/gold-silber-boerse.de\/wp-content\/uploads\/2024\/10\/paynow-600x240.jpg 600w\" sizes=\"(max-width: 1000px) 100vw, 1000px\" title=\"\" \/>\t\t\t\t\t\t\t\t\t\t\t\t\t<\/div>\n\t\t\t\t<\/div>\n\t\t\t\t\t<\/div>\n\t\t<\/div>\n\t\t\t\t\t<\/div>\n\t\t<\/section>\n\t\t\t\t\t<\/div>\n\t\t<\/div>\n\t\t\t\t\t<\/div>\n\t\t<\/section>\n\t\t\t\t<\/div>\n\t\t","protected":false},"excerpt":{"rendered":"<p>F\u0130YAT L\u0130STES\u0130 Size &#8220;gold-silber-boerse.de&#8221; reklam portal\u0131n\u0131 sunuyoruz. Alt\u0131n veya g\u00fcm\u00fc\u015f almak veya satmak isteyenler i\u00e7in tam profesyonel bir portal. Reklam ekleme \u00fccreti: Zaman \u00e7er\u00e7evesi hari\u00e7 6,99 EUR Sat\u0131c\u0131ya veya al\u0131c\u0131ya ileti\u015fim bilgileri sa\u011flama \u00fccreti: 1 EUR<\/p>\n","protected":false},"author":1,"featured_media":0,"parent":0,"menu_order":0,"comment_status":"closed","ping_status":"closed","template":"","meta":{"_rtcl_gb_attr":"","inline_featured_image":false,"footnotes":""},"class_list":["post-541","page","type-page","status-publish","hentry"],"yoast_head":"<!-- This site is optimized with the Yoast SEO plugin v23.3 - https:\/\/yoast.com\/wordpress\/plugins\/seo\/ -->\n<title>Fiyat listesi - Gold Silber Boerse<\/title>\n<meta name=\"robots\" content=\"index, follow, max-snippet:-1, max-image-preview:large, max-video-preview:-1\" \/>\n<link rel=\"canonical\" href=\"https:\/\/gold-silber-boerse.de\/die-preisliste\/\" \/>\n<meta property=\"og:locale\" content=\"tr_TR\" \/>\n<meta property=\"og:type\" content=\"article\" \/>\n<meta property=\"og:title\" content=\"Fiyat listesi - Gold Silber Boerse\" \/>\n<meta property=\"og:description\" content=\"F\u0130YAT L\u0130STES\u0130 Size &#8220;gold-silber-boerse.de&#8221; reklam portal\u0131n\u0131 sunuyoruz. Alt\u0131n veya g\u00fcm\u00fc\u015f almak veya satmak isteyenler i\u00e7in tam profesyonel bir portal. Reklam ekleme \u00fccreti: Zaman \u00e7er\u00e7evesi hari\u00e7 6,99 EUR Sat\u0131c\u0131ya veya al\u0131c\u0131ya ileti\u015fim bilgileri sa\u011flama \u00fccreti: 1 EUR\" \/>\n<meta property=\"og:url\" content=\"https:\/\/gold-silber-boerse.de\/die-preisliste\/\" \/>\n<meta property=\"og:site_name\" content=\"Gold Silber Boerse\" \/>\n<meta property=\"article:modified_time\" content=\"2025-03-25T16:22:35+00:00\" \/>\n<meta property=\"og:image\" content=\"https:\/\/gold-silber-boerse.de\/wp-content\/uploads\/2024\/10\/gpay-1.png\" \/>\n<meta name=\"twitter:card\" content=\"summary_large_image\" \/>\n<meta name=\"twitter:label1\" content=\"Tahmini okuma s\u00fcresi\" \/>\n\t<meta name=\"twitter:data1\" content=\"2 dakika\" \/>\n<script type=\"application\/ld+json\" class=\"yoast-schema-graph\">{\"@context\":\"https:\/\/schema.org\",\"@graph\":[{\"@type\":\"WebPage\",\"@id\":\"https:\/\/gold-silber-boerse.de\/die-preisliste\/\",\"url\":\"https:\/\/gold-silber-boerse.de\/die-preisliste\/\",\"name\":\"Fiyat listesi - Gold Silber Boerse\",\"isPartOf\":{\"@id\":\"https:\/\/gold-silber-boerse.de\/#website\"},\"primaryImageOfPage\":{\"@id\":\"https:\/\/gold-silber-boerse.de\/die-preisliste\/#primaryimage\"},\"image\":{\"@id\":\"https:\/\/gold-silber-boerse.de\/die-preisliste\/#primaryimage\"},\"thumbnailUrl\":\"https:\/\/gold-silber-boerse.de\/wp-content\/uploads\/2024\/10\/gpay-1.png\",\"datePublished\":\"2024-06-18T12:17:45+00:00\",\"dateModified\":\"2025-03-25T16:22:35+00:00\",\"breadcrumb\":{\"@id\":\"https:\/\/gold-silber-boerse.de\/die-preisliste\/#breadcrumb\"},\"inLanguage\":\"tr\",\"potentialAction\":[{\"@type\":\"ReadAction\",\"target\":[\"https:\/\/gold-silber-boerse.de\/die-preisliste\/\"]}]},{\"@type\":\"ImageObject\",\"inLanguage\":\"tr\",\"@id\":\"https:\/\/gold-silber-boerse.de\/die-preisliste\/#primaryimage\",\"url\":\"https:\/\/gold-silber-boerse.de\/wp-content\/uploads\/2024\/10\/gpay-1.png\",\"contentUrl\":\"https:\/\/gold-silber-boerse.de\/wp-content\/uploads\/2024\/10\/gpay-1.png\"},{\"@type\":\"BreadcrumbList\",\"@id\":\"https:\/\/gold-silber-boerse.de\/die-preisliste\/#breadcrumb\",\"itemListElement\":[{\"@type\":\"ListItem\",\"position\":1,\"name\":\"Strona g\u0142\u00f3wna\",\"item\":\"https:\/\/gold-silber-boerse.de\/\"},{\"@type\":\"ListItem\",\"position\":2,\"name\":\"Fiyat listesi\"}]},{\"@type\":\"WebSite\",\"@id\":\"https:\/\/gold-silber-boerse.de\/#website\",\"url\":\"https:\/\/gold-silber-boerse.de\/\",\"name\":\"Gold Silber Boerse\",\"description\":\"Na naszej stronie internetowej mo\u017cesz kupi\u0107 lub sprzeda\u0107 z\u0142oto i srebro w postaci monet lub sztabek.\",\"potentialAction\":[{\"@type\":\"SearchAction\",\"target\":{\"@type\":\"EntryPoint\",\"urlTemplate\":\"https:\/\/gold-silber-boerse.de\/?s={search_term_string}\"},\"query-input\":\"required name=search_term_string\"}],\"inLanguage\":\"tr\"}]}<\/script>\n<!-- \/ Yoast SEO plugin. -->","yoast_head_json":{"title":"Fiyat listesi - Gold Silber Boerse","robots":{"index":"index","follow":"follow","max-snippet":"max-snippet:-1","max-image-preview":"max-image-preview:large","max-video-preview":"max-video-preview:-1"},"canonical":"https:\/\/gold-silber-boerse.de\/die-preisliste\/","og_locale":"tr_TR","og_type":"article","og_title":"Fiyat listesi - Gold Silber Boerse","og_description":"F\u0130YAT L\u0130STES\u0130 Size &#8220;gold-silber-boerse.de&#8221; reklam portal\u0131n\u0131 sunuyoruz. Alt\u0131n veya g\u00fcm\u00fc\u015f almak veya satmak isteyenler i\u00e7in tam profesyonel bir portal. Reklam ekleme \u00fccreti: Zaman \u00e7er\u00e7evesi hari\u00e7 6,99 EUR Sat\u0131c\u0131ya veya al\u0131c\u0131ya ileti\u015fim bilgileri sa\u011flama \u00fccreti: 1 EUR","og_url":"https:\/\/gold-silber-boerse.de\/die-preisliste\/","og_site_name":"Gold Silber Boerse","article_modified_time":"2025-03-25T16:22:35+00:00","og_image":[{"url":"https:\/\/gold-silber-boerse.de\/wp-content\/uploads\/2024\/10\/gpay-1.png"}],"twitter_card":"summary_large_image","twitter_misc":{"Tahmini okuma s\u00fcresi":"2 dakika"},"schema":{"@context":"https:\/\/schema.org","@graph":[{"@type":"WebPage","@id":"https:\/\/gold-silber-boerse.de\/die-preisliste\/","url":"https:\/\/gold-silber-boerse.de\/die-preisliste\/","name":"Fiyat listesi - Gold Silber Boerse","isPartOf":{"@id":"https:\/\/gold-silber-boerse.de\/#website"},"primaryImageOfPage":{"@id":"https:\/\/gold-silber-boerse.de\/die-preisliste\/#primaryimage"},"image":{"@id":"https:\/\/gold-silber-boerse.de\/die-preisliste\/#primaryimage"},"thumbnailUrl":"https:\/\/gold-silber-boerse.de\/wp-content\/uploads\/2024\/10\/gpay-1.png","datePublished":"2024-06-18T12:17:45+00:00","dateModified":"2025-03-25T16:22:35+00:00","breadcrumb":{"@id":"https:\/\/gold-silber-boerse.de\/die-preisliste\/#breadcrumb"},"inLanguage":"tr","potentialAction":[{"@type":"ReadAction","target":["https:\/\/gold-silber-boerse.de\/die-preisliste\/"]}]},{"@type":"ImageObject","inLanguage":"tr","@id":"https:\/\/gold-silber-boerse.de\/die-preisliste\/#primaryimage","url":"https:\/\/gold-silber-boerse.de\/wp-content\/uploads\/2024\/10\/gpay-1.png","contentUrl":"https:\/\/gold-silber-boerse.de\/wp-content\/uploads\/2024\/10\/gpay-1.png"},{"@type":"BreadcrumbList","@id":"https:\/\/gold-silber-boerse.de\/die-preisliste\/#breadcrumb","itemListElement":[{"@type":"ListItem","position":1,"name":"Strona g\u0142\u00f3wna","item":"https:\/\/gold-silber-boerse.de\/"},{"@type":"ListItem","position":2,"name":"Fiyat listesi"}]},{"@type":"WebSite","@id":"https:\/\/gold-silber-boerse.de\/#website","url":"https:\/\/gold-silber-boerse.de\/","name":"Gold Silber Boerse","description":"Na naszej stronie internetowej mo\u017cesz kupi\u0107 lub sprzeda\u0107 z\u0142oto i srebro w postaci monet lub sztabek.","potentialAction":[{"@type":"SearchAction","target":{"@type":"EntryPoint","urlTemplate":"https:\/\/gold-silber-boerse.de\/?s={search_term_string}"},"query-input":"required name=search_term_string"}],"inLanguage":"tr"}]}},"_links":{"self":[{"href":"https:\/\/gold-silber-boerse.de\/tr\/wp-json\/wp\/v2\/pages\/541"}],"collection":[{"href":"https:\/\/gold-silber-boerse.de\/tr\/wp-json\/wp\/v2\/pages"}],"about":[{"href":"https:\/\/gold-silber-boerse.de\/tr\/wp-json\/wp\/v2\/types\/page"}],"author":[{"embeddable":true,"href":"https:\/\/gold-silber-boerse.de\/tr\/wp-json\/wp\/v2\/users\/1"}],"replies":[{"embeddable":true,"href":"https:\/\/gold-silber-boerse.de\/tr\/wp-json\/wp\/v2\/comments?post=541"}],"version-history":[{"count":9,"href":"https:\/\/gold-silber-boerse.de\/tr\/wp-json\/wp\/v2\/pages\/541\/revisions"}],"predecessor-version":[{"id":4878,"href":"https:\/\/gold-silber-boerse.de\/tr\/wp-json\/wp\/v2\/pages\/541\/revisions\/4878"}],"wp:attachment":[{"href":"https:\/\/gold-silber-boerse.de\/tr\/wp-json\/wp\/v2\/media?parent=541"}],"curies":[{"name":"wp","href":"https:\/\/api.w.org\/{rel}","templated":true}]}}